{"id":15957,"date":"2020-05-27T08:32:53","date_gmt":"2020-05-27T06:32:53","guid":{"rendered":"http:\/\/fl.zema.de\/?page_id=15957"},"modified":"2024-07-31T08:16:15","modified_gmt":"2024-07-31T06:16:15","slug":"ausschreibungen","status":"publish","type":"page","link":"https:\/\/zema.de\/en\/ausschreibungen\/","title":{"rendered":"Tendering and awarding"},"content":{"rendered":"<div class=\"wpb-content-wrapper\"><div class=\"vc_row wpb_row vc_row-fluid vc_custom_1572525886851 vc_row-has-fill\"><div class=\"wpb_column vc_column_container vc_col-sm-12 vc_col-lg-12 vc_col-md-12\"><div class=\"vc_column-inner vc_custom_1476030031960\"><div class=\"wpb_wrapper\"><div id=\"ultimate-heading-29469ea7a1c4865e\" class=\"uvc-heading ult-adjust-bottom-margin ultimate-heading-29469ea7a1c4865e uvc-4489 accent-title-color\" data-hspacer=\"no_spacer\"  data-halign=\"center\" style=\"text-align:center\"><div class=\"uvc-heading-spacer no_spacer\" style=\"top\"><\/div><div class=\"uvc-main-heading ult-responsive\"  data-ultimate-target='.uvc-heading.ultimate-heading-29469ea7a1c4865e h2'  data-responsive-json-new='{\"font-size\":\"desktop:34px;mobile_landscape:22px;mobile:22px;\",\"line-height\":\"desktop:46px;mobile_landscape:32px;mobile:32px;\"}' ><h2 style=\"font-weight:700;color:#ffffff;\">Tendering and awarding<\/h2><\/div><\/div><style type=\"text\/css\" data-type=\"the7_shortcodes-inline-css\">.dt-breadcrumbs-id-00e7ad14fe45716ac790718ece057902 .breadcrumbs {\n  display: inline-block;\n  margin: 0;\n  padding: 2px 12px 2px 12px;\n  border: 1px solid rgba(255,255,255,0.25);\n  border-radius: 0px;\n}\n.dt-breadcrumbs-id-00e7ad14fe45716ac790718ece057902 .breadcrumbs * {\n  font-size: 13px;\n  line-height: 16px;\n  color: #ffffff;\n}<\/style><div class=\"dt-breadcrumbs-shortcode dt-breadcrumbs-id-00e7ad14fe45716ac790718ece057902 align-centre\"><div class=\"assistive-text\">You are here:<\/div><ol class=\"breadcrumbs text-small\" itemscope itemtype=\"https:\/\/schema.org\/BreadcrumbList\"><li itemprop=\"itemListElement\" itemscope itemtype=\"https:\/\/schema.org\/ListItem\"><a itemprop=\"item\" href=\"https:\/\/zema.de\/en\/\" title=\"Home\"><span itemprop=\"name\">Home<\/span><\/a><meta itemprop=\"position\" content=\"1\" \/><\/li><li class=\"current\" itemprop=\"itemListElement\" itemscope itemtype=\"https:\/\/schema.org\/ListItem\"><span itemprop=\"name\">Page<\/span><meta itemprop=\"position\" content=\"2\" \/><\/li><\/ol><\/div><\/div><\/div><\/div><\/div><!-- Row Backgrounds --><div class=\"upb_bg_img\" data-ultimate-bg=\"url(https:\/\/zema.de\/wp-content\/uploads\/2019\/10\/Panorama01.jpg)\" data-image-id=\"id^15147|url^http:\/\/fl.zema.de\/wp-content\/uploads\/2019\/10\/Panorama01.jpg|caption^null|alt^null|title^Panorama01|description^null\" data-ultimate-bg-style=\"vcpb-vz-jquery\" data-bg-img-repeat=\"no-repeat\" data-bg-img-size=\"cover\" data-bg-img-position=\"\" data-parallx_sense=\"30\" data-bg-override=\"ex-full\" data-bg_img_attach=\"scroll\" data-upb-overlay-color=\"rgba(0,0,0,0.5)\" data-upb-bg-animation=\"\" data-fadeout=\"\" data-bg-animation=\"left-animation\" data-bg-animation-type=\"h\" data-animation-repeat=\"repeat\" data-fadeout-percentage=\"30\" data-parallax-content=\"\" data-parallax-content-sense=\"30\" data-row-effect-mobile-disable=\"true\" data-img-parallax-mobile-disable=\"true\" data-rtl=\"false\"  data-custom-vc-row=\"\"  data-vc=\"8.7.2\"  data-is_old_vc=\"\"  data-theme-support=\"\"   data-overlay=\"true\" data-overlay-color=\"rgba(0,0,0,0.5)\" data-overlay-pattern=\"\" data-overlay-pattern-opacity=\"0.25\" data-overlay-pattern-size=\"\" data-overlay-pattern-attachment=\"scroll\"    ><\/div><div class=\"vc_row wpb_row vc_row-fluid\"><div class=\"wpb_column vc_column_container vc_col-sm-12\"><div class=\"vc_column-inner vc_custom_1598864644858\"><div class=\"wpb_wrapper\"><div id=\"ultimate-heading-643969ea7a1c497f2\" class=\"uvc-heading ult-adjust-bottom-margin ultimate-heading-643969ea7a1c497f2 uvc-5896\" data-hspacer=\"no_spacer\"  data-halign=\"left\" style=\"text-align:left\"><div class=\"uvc-heading-spacer no_spacer\" style=\"top\"><\/div><div class=\"uvc-main-heading ult-responsive\"  data-ultimate-target='.uvc-heading.ultimate-heading-643969ea7a1c497f2 h2'  data-responsive-json-new='{\"font-size\":\"desktop:25px;\",\"line-height\":\"\"}' ><h2 style=\"--font-weight:theme;margin-bottom:30px;\">tenders<\/h2><\/div><\/div>\n\t<div class=\"wpb_text_column wpb_content_element\" >\n\t\t<div class=\"wpb_wrapper\">\n\t\t\t<p>The current tenders can be found in the procurement portal <u><a href=\"https:\/\/dtvp.de\/\">DTVP German Public Procurement Portal<\/a><\/u>.<\/p>\n<p>The procurement portal allows you to search for current tenders and participate in procedures easily and free of charge. Furthermore, you have the possibility to view the notices, download and complete the procurement documents directly. With a free registration, you will not miss any changes in procurement procedures in which you participate. In addition, messages can be exchanged with the submission office.<\/p>\n<p>All questions about awards must be asked on the award platform in the respective award.<\/p>\n<p>If you have any further concerns or problems, you can contact the awarding team by e-mail at <a href=\"mailto:vergabe@zema.de\">vergabe@zema.de<\/a> contact.<\/p>\n\n\t\t<\/div>\n\t<\/div>\n<div class=\"ult-spacer spacer-69ea7a1c49a13\" data-id=\"69ea7a1c49a13\" data-height=\"30\" data-height-mobile=\"30\" data-height-tab=\"30\" data-height-tab-portrait=\"\" data-height-mobile-landscape=\"\" style=\"clear:both;display:block;\"><\/div><\/div><\/div><\/div><\/div><div class=\"vc_row wpb_row vc_row-fluid\"><div class=\"wpb_column vc_column_container vc_col-sm-12\"><div class=\"vc_column-inner vc_custom_1598864657498\"><div class=\"wpb_wrapper\"><div id=\"ultimate-heading-293969ea7a1c49e93\" class=\"uvc-heading ult-adjust-bottom-margin ultimate-heading-293969ea7a1c49e93 uvc-5731\" data-hspacer=\"no_spacer\"  data-halign=\"left\" style=\"text-align:left\"><div class=\"uvc-heading-spacer no_spacer\" style=\"top\"><\/div><div class=\"uvc-main-heading ult-responsive\"  data-ultimate-target='.uvc-heading.ultimate-heading-293969ea7a1c49e93 h2'  data-responsive-json-new='{\"font-size\":\"desktop:25px;\",\"line-height\":\"\"}' ><h2 style=\"--font-weight:theme;margin-bottom:30px;\">announcements<\/h2><\/div><\/div>\n\t<div class=\"wpb_text_column wpb_content_element\" >\n\t\t<div class=\"wpb_wrapper\">\n\t\t\t<p>No announcements at this time.<\/p>\n\n\t\t<\/div>\n\t<\/div>\n<div class=\"ult-spacer spacer-69ea7a1c49fef\" data-id=\"69ea7a1c49fef\" data-height=\"30\" data-height-mobile=\"30\" data-height-tab=\"30\" data-height-tab-portrait=\"\" data-height-mobile-landscape=\"\" style=\"clear:both;display:block;\"><\/div>\n\t<div class=\"wpb_text_column wpb_content_element\" >\n\t\t<div class=\"wpb_wrapper\">\n\t\t\t\n\t\t<\/div>\n\t<\/div>\n<\/div><\/div><\/div><\/div>\n<\/div>","protected":false},"excerpt":{"rendered":"<p>The current tenders can be found in the award portal DTVP Deutsches Vergabeportal GmbH. The award portal allows you to search for current tenders easily and free of charge and to participate in procedures. Furthermore, you have the possibility to view the notices, download and complete the procurement documents directly. With a free registration, you will not miss any changes in procurement procedures,...<\/p>","protected":false},"author":14,"featured_media":0,"parent":0,"menu_order":20,"comment_status":"closed","ping_status":"closed","template":"","meta":{"footnotes":""},"class_list":["post-15957","page","type-page","status-publish","hentry","description-off"],"yoast_head":"<!-- This site is optimized with the Yoast SEO plugin v27.4 - https:\/\/yoast.com\/product\/yoast-seo-wordpress\/ -->\n<title>Ausschreibungen und Vergaben - ZeMA gGmbH Saarbr\u00fccken<\/title>\n<meta name=\"description\" content=\"Die Ausschreibungen und Vergaben der ZeMA gGmbH in Saarbr\u00fccken sind von entscheidender Bedeutung f\u00fcr die Branchen Montage, Automatisierung und MRK. \u25b6 Erfahren Sie mehr!\" \/>\n<meta name=\"robots\" content=\"index, follow, max-snippet:-1, max-image-preview:large, max-video-preview:-1\" \/>\n<link rel=\"canonical\" href=\"https:\/\/zema.de\/en\/ausschreibungen\/\" \/>\n<meta property=\"og:locale\" content=\"en_GB\" \/>\n<meta property=\"og:type\" content=\"article\" \/>\n<meta property=\"og:title\" content=\"Ausschreibungen und Vergaben - ZeMA gGmbH Saarbr\u00fccken\" \/>\n<meta property=\"og:description\" content=\"Die Ausschreibungen und Vergaben der ZeMA gGmbH in Saarbr\u00fccken sind von entscheidender Bedeutung f\u00fcr die Branchen Montage, Automatisierung und MRK. \u25b6 Erfahren Sie mehr!\" \/>\n<meta property=\"og:url\" content=\"https:\/\/zema.de\/en\/ausschreibungen\/\" \/>\n<meta property=\"og:site_name\" content=\"fl.zema.de\" \/>\n<meta property=\"article:modified_time\" content=\"2024-07-31T06:16:15+00:00\" \/>\n<meta name=\"twitter:card\" content=\"summary_large_image\" \/>\n<meta name=\"twitter:label1\" content=\"Estimated reading time\" \/>\n\t<meta name=\"twitter:data1\" content=\"1 minute\" \/>\n<script type=\"application\/ld+json\" class=\"yoast-schema-graph\">{\"@context\":\"https:\\\/\\\/schema.org\",\"@graph\":[{\"@type\":\"WebPage\",\"@id\":\"https:\\\/\\\/zema.de\\\/ausschreibungen\\\/\",\"url\":\"https:\\\/\\\/zema.de\\\/ausschreibungen\\\/\",\"name\":\"Ausschreibungen und Vergaben - ZeMA gGmbH Saarbr\u00fccken\",\"isPartOf\":{\"@id\":\"https:\\\/\\\/zema.de\\\/#website\"},\"datePublished\":\"2020-05-27T06:32:53+00:00\",\"dateModified\":\"2024-07-31T06:16:15+00:00\",\"description\":\"Die Ausschreibungen und Vergaben der ZeMA gGmbH in Saarbr\u00fccken sind von entscheidender Bedeutung f\u00fcr die Branchen Montage, Automatisierung und MRK. \u25b6 Erfahren Sie mehr!\",\"breadcrumb\":{\"@id\":\"https:\\\/\\\/zema.de\\\/ausschreibungen\\\/#breadcrumb\"},\"inLanguage\":\"en-GB\",\"potentialAction\":[{\"@type\":\"ReadAction\",\"target\":[\"https:\\\/\\\/zema.de\\\/ausschreibungen\\\/\"]}]},{\"@type\":\"BreadcrumbList\",\"@id\":\"https:\\\/\\\/zema.de\\\/ausschreibungen\\\/#breadcrumb\",\"itemListElement\":[{\"@type\":\"ListItem\",\"position\":1,\"name\":\"Startseite\",\"item\":\"https:\\\/\\\/zema.de\\\/\"},{\"@type\":\"ListItem\",\"position\":2,\"name\":\"Ausschreibungen und Vergaben\"}]},{\"@type\":\"WebSite\",\"@id\":\"https:\\\/\\\/zema.de\\\/#website\",\"url\":\"https:\\\/\\\/zema.de\\\/\",\"name\":\"fl.zema.de\",\"description\":\"Zentrum f\u00fcr Mechatronik und Automatisierungstechnik\",\"potentialAction\":[{\"@type\":\"SearchAction\",\"target\":{\"@type\":\"EntryPoint\",\"urlTemplate\":\"https:\\\/\\\/zema.de\\\/?s={search_term_string}\"},\"query-input\":{\"@type\":\"PropertyValueSpecification\",\"valueRequired\":true,\"valueName\":\"search_term_string\"}}],\"inLanguage\":\"en-GB\"}]}<\/script>\n<!-- \/ Yoast SEO plugin. -->","yoast_head_json":{"title":"Ausschreibungen und Vergaben - ZeMA gGmbH Saarbr\u00fccken","description":"Die Ausschreibungen und Vergaben der ZeMA gGmbH in Saarbr\u00fccken sind von entscheidender Bedeutung f\u00fcr die Branchen Montage, Automatisierung und MRK. \u25b6 Erfahren Sie mehr!","robots":{"index":"index","follow":"follow","max-snippet":"max-snippet:-1","max-image-preview":"max-image-preview:large","max-video-preview":"max-video-preview:-1"},"canonical":"https:\/\/zema.de\/en\/ausschreibungen\/","og_locale":"en_GB","og_type":"article","og_title":"Ausschreibungen und Vergaben - ZeMA gGmbH Saarbr\u00fccken","og_description":"Die Ausschreibungen und Vergaben der ZeMA gGmbH in Saarbr\u00fccken sind von entscheidender Bedeutung f\u00fcr die Branchen Montage, Automatisierung und MRK. \u25b6 Erfahren Sie mehr!","og_url":"https:\/\/zema.de\/en\/ausschreibungen\/","og_site_name":"fl.zema.de","article_modified_time":"2024-07-31T06:16:15+00:00","twitter_card":"summary_large_image","twitter_misc":{"Estimated reading time":"1 minute"},"schema":{"@context":"https:\/\/schema.org","@graph":[{"@type":"WebPage","@id":"https:\/\/zema.de\/ausschreibungen\/","url":"https:\/\/zema.de\/ausschreibungen\/","name":"Ausschreibungen und Vergaben - ZeMA gGmbH Saarbr\u00fccken","isPartOf":{"@id":"https:\/\/zema.de\/#website"},"datePublished":"2020-05-27T06:32:53+00:00","dateModified":"2024-07-31T06:16:15+00:00","description":"Die Ausschreibungen und Vergaben der ZeMA gGmbH in Saarbr\u00fccken sind von entscheidender Bedeutung f\u00fcr die Branchen Montage, Automatisierung und MRK. \u25b6 Erfahren Sie mehr!","breadcrumb":{"@id":"https:\/\/zema.de\/ausschreibungen\/#breadcrumb"},"inLanguage":"en-GB","potentialAction":[{"@type":"ReadAction","target":["https:\/\/zema.de\/ausschreibungen\/"]}]},{"@type":"BreadcrumbList","@id":"https:\/\/zema.de\/ausschreibungen\/#breadcrumb","itemListElement":[{"@type":"ListItem","position":1,"name":"Startseite","item":"https:\/\/zema.de\/"},{"@type":"ListItem","position":2,"name":"Ausschreibungen und Vergaben"}]},{"@type":"WebSite","@id":"https:\/\/zema.de\/#website","url":"https:\/\/zema.de\/","name":"fl.zema.de","description":"Zentrum f\u00fcr Mechatronik und Automatisierungstechnik","potentialAction":[{"@type":"SearchAction","target":{"@type":"EntryPoint","urlTemplate":"https:\/\/zema.de\/?s={search_term_string}"},"query-input":{"@type":"PropertyValueSpecification","valueRequired":true,"valueName":"search_term_string"}}],"inLanguage":"en-GB"}]}},"_links":{"self":[{"href":"https:\/\/zema.de\/en\/wp-json\/wp\/v2\/pages\/15957","targetHints":{"allow":["GET"]}}],"collection":[{"href":"https:\/\/zema.de\/en\/wp-json\/wp\/v2\/pages"}],"about":[{"href":"https:\/\/zema.de\/en\/wp-json\/wp\/v2\/types\/page"}],"author":[{"embeddable":true,"href":"https:\/\/zema.de\/en\/wp-json\/wp\/v2\/users\/14"}],"replies":[{"embeddable":true,"href":"https:\/\/zema.de\/en\/wp-json\/wp\/v2\/comments?post=15957"}],"version-history":[{"count":36,"href":"https:\/\/zema.de\/en\/wp-json\/wp\/v2\/pages\/15957\/revisions"}],"predecessor-version":[{"id":18648,"href":"https:\/\/zema.de\/en\/wp-json\/wp\/v2\/pages\/15957\/revisions\/18648"}],"wp:attachment":[{"href":"https:\/\/zema.de\/en\/wp-json\/wp\/v2\/media?parent=15957"}],"curies":[{"name":"wp","href":"https:\/\/api.w.org\/{rel}","templated":true}]}}