{"id":18837,"date":"2025-02-04T10:47:48","date_gmt":"2025-02-04T09:47:48","guid":{"rendered":"https:\/\/zema.de\/?page_id=18837"},"modified":"2025-02-05T10:54:15","modified_gmt":"2025-02-05T09:54:15","slug":"certifications","status":"publish","type":"page","link":"https:\/\/zema.de\/en\/certifications\/","title":{"rendered":"Certifications"},"content":{"rendered":"<div class=\"wpb-content-wrapper\"><div class=\"vc_row wpb_row vc_row-fluid vc_custom_1572525886851 vc_row-has-fill\"><div class=\"wpb_column vc_column_container vc_col-sm-12 vc_col-lg-12 vc_col-md-12\"><div class=\"vc_column-inner vc_custom_1476030031960\"><div class=\"wpb_wrapper\"><div id=\"ultimate-heading-158069e5524346179\" class=\"uvc-heading ult-adjust-bottom-margin ultimate-heading-158069e5524346179 uvc-748 accent-title-color\" data-hspacer=\"no_spacer\"  data-halign=\"center\" style=\"text-align:center\"><div class=\"uvc-heading-spacer no_spacer\" style=\"top\"><\/div><div class=\"uvc-main-heading ult-responsive\"  data-ultimate-target='.uvc-heading.ultimate-heading-158069e5524346179 h2'  data-responsive-json-new='{\"font-size\":\"desktop:34px;mobile_landscape:22px;mobile:22px;\",\"line-height\":\"desktop:46px;mobile_landscape:32px;mobile:32px;\"}' ><h2 style=\"font-weight:700;color:#ffffff;\">Certifications<\/h2><\/div><\/div><style type=\"text\/css\" data-type=\"the7_shortcodes-inline-css\">.dt-breadcrumbs-id-00e7ad14fe45716ac790718ece057902 .breadcrumbs {\n  display: inline-block;\n  margin: 0;\n  padding: 2px 12px 2px 12px;\n  border: 1px solid rgba(255,255,255,0.25);\n  border-radius: 0px;\n}\n.dt-breadcrumbs-id-00e7ad14fe45716ac790718ece057902 .breadcrumbs * {\n  font-size: 13px;\n  line-height: 16px;\n  color: #ffffff;\n}<\/style><div class=\"dt-breadcrumbs-shortcode dt-breadcrumbs-id-00e7ad14fe45716ac790718ece057902 align-centre\"><div class=\"assistive-text\">You are here:<\/div><ol class=\"breadcrumbs text-small\" itemscope itemtype=\"https:\/\/schema.org\/BreadcrumbList\"><li itemprop=\"itemListElement\" itemscope itemtype=\"https:\/\/schema.org\/ListItem\"><a itemprop=\"item\" href=\"https:\/\/zema.de\/en\/\" title=\"Home\"><span itemprop=\"name\">Home<\/span><\/a><meta itemprop=\"position\" content=\"1\" \/><\/li><li class=\"current\" itemprop=\"itemListElement\" itemscope itemtype=\"https:\/\/schema.org\/ListItem\"><span itemprop=\"name\">Page<\/span><meta itemprop=\"position\" content=\"2\" \/><\/li><\/ol><\/div><\/div><\/div><\/div><\/div><!-- Row Backgrounds --><div class=\"upb_bg_img\" data-ultimate-bg=\"url(https:\/\/zema.de\/wp-content\/uploads\/2019\/10\/Panorama01.jpg)\" data-image-id=\"id^15147|url^http:\/\/fl.zema.de\/wp-content\/uploads\/2019\/10\/Panorama01.jpg|caption^null|alt^null|title^Panorama01|description^null\" data-ultimate-bg-style=\"vcpb-vz-jquery\" data-bg-img-repeat=\"no-repeat\" data-bg-img-size=\"cover\" data-bg-img-position=\"\" data-parallx_sense=\"30\" data-bg-override=\"ex-full\" data-bg_img_attach=\"scroll\" data-upb-overlay-color=\"rgba(0,0,0,0.5)\" data-upb-bg-animation=\"\" data-fadeout=\"\" data-bg-animation=\"left-animation\" data-bg-animation-type=\"h\" data-animation-repeat=\"repeat\" data-fadeout-percentage=\"30\" data-parallax-content=\"\" data-parallax-content-sense=\"30\" data-row-effect-mobile-disable=\"true\" data-img-parallax-mobile-disable=\"true\" data-rtl=\"false\"  data-custom-vc-row=\"\"  data-vc=\"8.7.2\"  data-is_old_vc=\"\"  data-theme-support=\"\"   data-overlay=\"true\" data-overlay-color=\"rgba(0,0,0,0.5)\" data-overlay-pattern=\"\" data-overlay-pattern-opacity=\"0.25\" data-overlay-pattern-size=\"\" data-overlay-pattern-attachment=\"scroll\"    ><\/div><div class=\"vc_row wpb_row vc_row-fluid\"><div class=\"wpb_column vc_column_container vc_col-sm-12\"><div class=\"vc_column-inner vc_custom_1598864644858\"><div class=\"wpb_wrapper\"><div id=\"ultimate-heading-606969e5524346e52\" class=\"uvc-heading ult-adjust-bottom-margin ultimate-heading-606969e5524346e52 uvc-7184\" data-hspacer=\"no_spacer\"  data-halign=\"left\" style=\"text-align:left\"><div class=\"uvc-heading-spacer no_spacer\" style=\"top\"><\/div><\/div>\n\t<div class=\"wpb_text_column wpb_content_element\" >\n\t\t<div class=\"wpb_wrapper\">\n\t\t\t<h3>Our certifications<\/h3>\n<p>ZeMA \u2013 Center for Mechatronics and Automation Technology is currently certified in accordance with ISO 9001:2015. Our existing management system is being further developed into an integrated system that covers the areas of quality, occupational health and safety and environmental protection.<\/p>\n\n\t\t<\/div>\n\t<\/div>\n<div class=\"ult-spacer spacer-69e552434706d\" data-id=\"69e552434706d\" data-height=\"30\" data-height-mobile=\"30\" data-height-tab=\"30\" data-height-tab-portrait=\"\" data-height-mobile-landscape=\"\" style=\"clear:both;display:block;\"><\/div>\n\t<div class=\"wpb_text_column wpb_content_element\" >\n\t\t<div class=\"wpb_wrapper\">\n\t\t\t<p><img loading=\"lazy\" decoding=\"async\" class=\"alignleft wp-image-18597\" src=\"https:\/\/zema.de\/wp-content\/uploads\/2024\/06\/DIN-EN-ISO-9001_de_regular-RGB.jpg\" alt=\"\" width=\"200\" height=\"200\" srcset=\"https:\/\/zema.de\/wp-content\/uploads\/2024\/06\/DIN-EN-ISO-9001_de_regular-RGB.jpg 1002w, https:\/\/zema.de\/wp-content\/uploads\/2024\/06\/DIN-EN-ISO-9001_de_regular-RGB-300x300.jpg 300w, https:\/\/zema.de\/wp-content\/uploads\/2024\/06\/DIN-EN-ISO-9001_de_regular-RGB-150x150.jpg 150w, https:\/\/zema.de\/wp-content\/uploads\/2024\/06\/DIN-EN-ISO-9001_de_regular-RGB-768x768.jpg 768w\" sizes=\"auto, (max-width: 200px) 100vw, 200px\" \/><\/p>\n<p>&nbsp;<\/p>\n<p>&nbsp;<\/p>\n<p>&nbsp;<\/p>\n<p><a href=\"https:\/\/zema.de\/en\/zema-certificate-din-en-iso-9001_2015-english\/\">Certificate DIN EN ISO 9001:2015 (english)<\/a><\/p>\n\n\t\t<\/div>\n\t<\/div>\n<div class=\"ult-spacer spacer-69e55243471ff\" data-id=\"69e55243471ff\" data-height=\"30\" data-height-mobile=\"30\" data-height-tab=\"30\" data-height-tab-portrait=\"30\" data-height-mobile-landscape=\"30\" style=\"clear:both;display:block;\"><\/div>\n\t<div class=\"wpb_text_column wpb_content_element\" >\n\t\t<div class=\"wpb_wrapper\">\n\t\t\t<p>If you have any questions, suggestions or feedback on our quality management, please do not hesitate to contact us. Our team will be happy to discuss your concerns and find solutions.We look forward to hearing from you and working together to continuously improve our services.<\/p>\n<p>To get in touch with our quality management team, send us an email to <a href=\"mailto:qm@zema.de\">qm@zema.de<\/a>. We will get back to you as soon as possible.<\/p>\n\n\t\t<\/div>\n\t<\/div>\n<div class=\"ult-spacer spacer-69e552434732a\" data-id=\"69e552434732a\" data-height=\"30\" data-height-mobile=\"30\" data-height-tab=\"30\" data-height-tab-portrait=\"\" data-height-mobile-landscape=\"\" style=\"clear:both;display:block;\"><\/div>\n\t<div class=\"wpb_text_column wpb_content_element\" >\n\t\t<div class=\"wpb_wrapper\">\n\t\t\t<h3><strong>Our quality policy<\/strong><\/h3>\n<p><strong>We<\/strong> fill a gap in the scientific spectrum: There is a lack of application-oriented research and development. We are a platform for innovative developments in the region and contribute in particular to ensuring a profound education for the next generation of engineers. The promotion of knowledge and technology transfer through cooperation with industry is an integral part of our work and contributes to supporting structural change.<\/p>\n<p><strong>We<\/strong> are all responsible for the quality of our work. We achieve our common goals in good cooperation as motivated, committed, qualified and learning employees. This includes our valued partner institutions (Saarland University and Saarland University of Applied Sciences) as well as industrial and scientific cooperation partners.<\/p>\n<p><strong>We<\/strong> Place our customers and cooperation partners as people at the center of our research work. The satisfaction of our customers and cooperation partners is our highest aspiration.<\/p>\n<p><strong>We<\/strong> have set ourselves the goal of identifying and implementing possible solutions for operational and social issues through our research work.<\/p>\n<p><strong>We<\/strong> Strive for a long-term partnership with our customers and cooperation partners. Continuous improvements and mutual trust are the basis for this.<\/p>\n<p><strong>We<\/strong> Remain available to our customers and cooperation partners as a competent and reliable partner even after the service has been provided.<\/p>\n<p><strong>We<\/strong> Place the highest value on expertise, experience, and practical knowledge transfer in carrying out our research work.<\/p>\n<p><strong>We<\/strong> analyze errors and complaints and rectify them to the satisfaction of our customers and cooperation partners.<\/p>\n<p><strong>We<\/strong> strictly adhere to the legal requirements, in particular the requirements for occupational safety and environmental protection.<\/p>\n<p><strong>We<\/strong> Accept each other in our diversity and treat each other with care and respect.<\/p>\n\n\t\t<\/div>\n\t<\/div>\n<\/div><\/div><\/div><\/div><div class=\"vc_row wpb_row vc_row-fluid\"><div class=\"wpb_column vc_column_container vc_col-sm-12\"><div class=\"vc_column-inner\"><div class=\"wpb_wrapper\"><div class=\"vc_btn3-container vc_btn3-inline\" ><a class=\"vc_general vc_btn3 vc_btn3-size-md vc_btn3-shape-rounded vc_btn3-style-modern vc_btn3-color-info\" href=\"https:\/\/zema.de\/en\/zertifizierungen\/\" title=\"\" target=\"_blank\">German version<\/a><\/div><div class=\"ult-spacer spacer-69e5524347e46\" data-id=\"69e5524347e46\" data-height=\"30\" data-height-mobile=\"30\" data-height-tab=\"30\" data-height-tab-portrait=\"\" data-height-mobile-landscape=\"\" style=\"clear:both;display:block;\"><\/div><\/div><\/div><\/div><\/div>\n<\/div>","protected":false},"excerpt":{"rendered":"<p>Certifications Our certifications ZeMA \u2013 Center for Mechatronics and Automation Technology is currently certified in accordance with ISO 9001:2015. Our existing management system is being further developed into an integrated system that covers the areas of quality, occupational health and safety and environmental protection. \u00a0 \u00a0 \u00a0 Certificate DIN EN ISO 9001:2015 (english) If you...<\/p>","protected":false},"author":21,"featured_media":0,"parent":0,"menu_order":20,"comment_status":"closed","ping_status":"closed","template":"","meta":{"footnotes":""},"class_list":["post-18837","page","type-page","status-publish","hentry","description-off"],"yoast_head":"<!-- This site is optimized with the Yoast SEO plugin v27.4 - https:\/\/yoast.com\/product\/yoast-seo-wordpress\/ -->\n<title>Unsere Zertifizierungen - ZeMA gGmbH Saarbr\u00fccken<\/title>\n<meta name=\"description\" content=\"Unsere Zertifizierungen - ISO 9001 - wir bieten Ihnen L\u00f6sungen auf h\u00f6chstem Qualit\u00e4tsstandard.\" \/>\n<meta name=\"robots\" content=\"index, follow, max-snippet:-1, max-image-preview:large, max-video-preview:-1\" \/>\n<link rel=\"canonical\" href=\"https:\/\/zema.de\/en\/certifications\/\" \/>\n<meta property=\"og:locale\" content=\"en_GB\" \/>\n<meta property=\"og:type\" content=\"article\" \/>\n<meta property=\"og:title\" content=\"Unsere Zertifizierungen - ZeMA gGmbH Saarbr\u00fccken\" \/>\n<meta property=\"og:description\" content=\"Unsere Zertifizierungen - ISO 9001 - wir bieten Ihnen L\u00f6sungen auf h\u00f6chstem Qualit\u00e4tsstandard.\" \/>\n<meta property=\"og:url\" content=\"https:\/\/zema.de\/en\/certifications\/\" \/>\n<meta property=\"og:site_name\" content=\"fl.zema.de\" \/>\n<meta property=\"article:modified_time\" content=\"2025-02-05T09:54:15+00:00\" \/>\n<meta property=\"og:image\" content=\"https:\/\/zema.de\/wp-content\/uploads\/2024\/06\/DIN-EN-ISO-9001_de_regular-RGB.jpg\" \/>\n\t<meta property=\"og:image:width\" content=\"1002\" \/>\n\t<meta property=\"og:image:height\" content=\"1002\" \/>\n\t<meta property=\"og:image:type\" content=\"image\/jpeg\" \/>\n<meta name=\"twitter:card\" content=\"summary_large_image\" \/>\n<meta name=\"twitter:label1\" content=\"Estimated reading time\" \/>\n\t<meta name=\"twitter:data1\" content=\"3 minutes\" \/>\n<script type=\"application\/ld+json\" class=\"yoast-schema-graph\">{\"@context\":\"https:\\\/\\\/schema.org\",\"@graph\":[{\"@type\":\"WebPage\",\"@id\":\"https:\\\/\\\/zema.de\\\/certifications\\\/\",\"url\":\"https:\\\/\\\/zema.de\\\/certifications\\\/\",\"name\":\"Unsere Zertifizierungen - ZeMA gGmbH Saarbr\u00fccken\",\"isPartOf\":{\"@id\":\"https:\\\/\\\/zema.de\\\/#website\"},\"primaryImageOfPage\":{\"@id\":\"https:\\\/\\\/zema.de\\\/certifications\\\/#primaryimage\"},\"image\":{\"@id\":\"https:\\\/\\\/zema.de\\\/certifications\\\/#primaryimage\"},\"thumbnailUrl\":\"https:\\\/\\\/zema.de\\\/wp-content\\\/uploads\\\/2024\\\/06\\\/DIN-EN-ISO-9001_de_regular-RGB.jpg\",\"datePublished\":\"2025-02-04T09:47:48+00:00\",\"dateModified\":\"2025-02-05T09:54:15+00:00\",\"description\":\"Unsere Zertifizierungen - ISO 9001 - wir bieten Ihnen L\u00f6sungen auf h\u00f6chstem Qualit\u00e4tsstandard.\",\"breadcrumb\":{\"@id\":\"https:\\\/\\\/zema.de\\\/certifications\\\/#breadcrumb\"},\"inLanguage\":\"en-GB\",\"potentialAction\":[{\"@type\":\"ReadAction\",\"target\":[\"https:\\\/\\\/zema.de\\\/certifications\\\/\"]}]},{\"@type\":\"ImageObject\",\"inLanguage\":\"en-GB\",\"@id\":\"https:\\\/\\\/zema.de\\\/certifications\\\/#primaryimage\",\"url\":\"https:\\\/\\\/zema.de\\\/wp-content\\\/uploads\\\/2024\\\/06\\\/DIN-EN-ISO-9001_de_regular-RGB.jpg\",\"contentUrl\":\"https:\\\/\\\/zema.de\\\/wp-content\\\/uploads\\\/2024\\\/06\\\/DIN-EN-ISO-9001_de_regular-RGB.jpg\"},{\"@type\":\"BreadcrumbList\",\"@id\":\"https:\\\/\\\/zema.de\\\/certifications\\\/#breadcrumb\",\"itemListElement\":[{\"@type\":\"ListItem\",\"position\":1,\"name\":\"Startseite\",\"item\":\"https:\\\/\\\/zema.de\\\/\"},{\"@type\":\"ListItem\",\"position\":2,\"name\":\"Certifications\"}]},{\"@type\":\"WebSite\",\"@id\":\"https:\\\/\\\/zema.de\\\/#website\",\"url\":\"https:\\\/\\\/zema.de\\\/\",\"name\":\"fl.zema.de\",\"description\":\"Zentrum f\u00fcr Mechatronik und Automatisierungstechnik\",\"potentialAction\":[{\"@type\":\"SearchAction\",\"target\":{\"@type\":\"EntryPoint\",\"urlTemplate\":\"https:\\\/\\\/zema.de\\\/?s={search_term_string}\"},\"query-input\":{\"@type\":\"PropertyValueSpecification\",\"valueRequired\":true,\"valueName\":\"search_term_string\"}}],\"inLanguage\":\"en-GB\"}]}<\/script>\n<!-- \/ Yoast SEO plugin. -->","yoast_head_json":{"title":"Unsere Zertifizierungen - ZeMA gGmbH Saarbr\u00fccken","description":"Unsere Zertifizierungen - ISO 9001 - wir bieten Ihnen L\u00f6sungen auf h\u00f6chstem Qualit\u00e4tsstandard.","robots":{"index":"index","follow":"follow","max-snippet":"max-snippet:-1","max-image-preview":"max-image-preview:large","max-video-preview":"max-video-preview:-1"},"canonical":"https:\/\/zema.de\/en\/certifications\/","og_locale":"en_GB","og_type":"article","og_title":"Unsere Zertifizierungen - ZeMA gGmbH Saarbr\u00fccken","og_description":"Unsere Zertifizierungen - ISO 9001 - wir bieten Ihnen L\u00f6sungen auf h\u00f6chstem Qualit\u00e4tsstandard.","og_url":"https:\/\/zema.de\/en\/certifications\/","og_site_name":"fl.zema.de","article_modified_time":"2025-02-05T09:54:15+00:00","og_image":[{"width":1002,"height":1002,"url":"https:\/\/zema.de\/wp-content\/uploads\/2024\/06\/DIN-EN-ISO-9001_de_regular-RGB.jpg","type":"image\/jpeg"}],"twitter_card":"summary_large_image","twitter_misc":{"Estimated reading time":"3 minutes"},"schema":{"@context":"https:\/\/schema.org","@graph":[{"@type":"WebPage","@id":"https:\/\/zema.de\/certifications\/","url":"https:\/\/zema.de\/certifications\/","name":"Unsere Zertifizierungen - ZeMA gGmbH Saarbr\u00fccken","isPartOf":{"@id":"https:\/\/zema.de\/#website"},"primaryImageOfPage":{"@id":"https:\/\/zema.de\/certifications\/#primaryimage"},"image":{"@id":"https:\/\/zema.de\/certifications\/#primaryimage"},"thumbnailUrl":"https:\/\/zema.de\/wp-content\/uploads\/2024\/06\/DIN-EN-ISO-9001_de_regular-RGB.jpg","datePublished":"2025-02-04T09:47:48+00:00","dateModified":"2025-02-05T09:54:15+00:00","description":"Unsere Zertifizierungen - ISO 9001 - wir bieten Ihnen L\u00f6sungen auf h\u00f6chstem Qualit\u00e4tsstandard.","breadcrumb":{"@id":"https:\/\/zema.de\/certifications\/#breadcrumb"},"inLanguage":"en-GB","potentialAction":[{"@type":"ReadAction","target":["https:\/\/zema.de\/certifications\/"]}]},{"@type":"ImageObject","inLanguage":"en-GB","@id":"https:\/\/zema.de\/certifications\/#primaryimage","url":"https:\/\/zema.de\/wp-content\/uploads\/2024\/06\/DIN-EN-ISO-9001_de_regular-RGB.jpg","contentUrl":"https:\/\/zema.de\/wp-content\/uploads\/2024\/06\/DIN-EN-ISO-9001_de_regular-RGB.jpg"},{"@type":"BreadcrumbList","@id":"https:\/\/zema.de\/certifications\/#breadcrumb","itemListElement":[{"@type":"ListItem","position":1,"name":"Startseite","item":"https:\/\/zema.de\/"},{"@type":"ListItem","position":2,"name":"Certifications"}]},{"@type":"WebSite","@id":"https:\/\/zema.de\/#website","url":"https:\/\/zema.de\/","name":"fl.zema.de","description":"Zentrum f\u00fcr Mechatronik und Automatisierungstechnik","potentialAction":[{"@type":"SearchAction","target":{"@type":"EntryPoint","urlTemplate":"https:\/\/zema.de\/?s={search_term_string}"},"query-input":{"@type":"PropertyValueSpecification","valueRequired":true,"valueName":"search_term_string"}}],"inLanguage":"en-GB"}]}},"_links":{"self":[{"href":"https:\/\/zema.de\/en\/wp-json\/wp\/v2\/pages\/18837","targetHints":{"allow":["GET"]}}],"collection":[{"href":"https:\/\/zema.de\/en\/wp-json\/wp\/v2\/pages"}],"about":[{"href":"https:\/\/zema.de\/en\/wp-json\/wp\/v2\/types\/page"}],"author":[{"embeddable":true,"href":"https:\/\/zema.de\/en\/wp-json\/wp\/v2\/users\/21"}],"replies":[{"embeddable":true,"href":"https:\/\/zema.de\/en\/wp-json\/wp\/v2\/comments?post=18837"}],"version-history":[{"count":5,"href":"https:\/\/zema.de\/en\/wp-json\/wp\/v2\/pages\/18837\/revisions"}],"predecessor-version":[{"id":18846,"href":"https:\/\/zema.de\/en\/wp-json\/wp\/v2\/pages\/18837\/revisions\/18846"}],"wp:attachment":[{"href":"https:\/\/zema.de\/en\/wp-json\/wp\/v2\/media?parent=18837"}],"curies":[{"name":"wp","href":"https:\/\/api.w.org\/{rel}","templated":true}]}}