{"id":19135,"date":"2025-07-08T10:09:31","date_gmt":"2025-07-08T08:09:31","guid":{"rendered":"https:\/\/zema.de\/?page_id=19135"},"modified":"2025-07-08T10:15:59","modified_gmt":"2025-07-08T08:15:59","slug":"datenschutzhinweise","status":"publish","type":"page","link":"https:\/\/zema.de\/en\/datenschutzhinweise\/","title":{"rendered":"Privacy policy"},"content":{"rendered":"<div class=\"wpb-content-wrapper\"><div class=\"vc_row wpb_row vc_row-fluid\"><div class=\"wpb_column vc_column_container vc_col-sm-12\"><div class=\"vc_column-inner\"><div class=\"wpb_wrapper\"><div id=\"ultimate-heading-381369e557094e84d\" class=\"uvc-heading ult-adjust-bottom-margin ultimate-heading-381369e557094e84d uvc-6214 accent-title-color\" data-hspacer=\"no_spacer\"  data-halign=\"left\" style=\"text-align:left\"><div class=\"uvc-heading-spacer no_spacer\" style=\"top\"><\/div><div class=\"uvc-main-heading ult-responsive\"  data-ultimate-target='.uvc-heading.ultimate-heading-381369e557094e84d h2'  data-responsive-json-new='{\"font-size\":\"desktop:20px;mobile_landscape:22px;mobile:22px;\",\"line-height\":\"desktop:30px;mobile_landscape:32px;mobile:32px;\"}' ><h2 style=\"font-weight:700;color:#000000;\">Privacy policy<\/h2><\/div><\/div><div class=\"ult-spacer spacer-69e557094e8af\" data-id=\"69e557094e8af\" data-height=\"30\" data-height-mobile=\"30\" data-height-tab=\"30\" data-height-tab-portrait=\"\" data-height-mobile-landscape=\"\" style=\"clear:both;display:block;\"><\/div>\n\t<div class=\"wpb_text_column wpb_content_element\" >\n\t\t<div class=\"wpb_wrapper\">\n\t\t\t<h1>Privacy policy<\/h1>\n<ul>\n<li>for employees: <a href=\"https:\/\/zema.de\/wp-content\/uploads\/2025\/07\/ZeMA-gGmbH_Datenschutzhinweise_Beschaeftigte.pdf\" target=\"_blank\" rel=\"noopener\">https:\/\/zema.de\/wp-content\/uploads\/2025\/07\/ZeMA-gGmbH_Datenschutzhinweise_Beschaeftigte.pdf<\/a><\/li>\n<li>for applicants: <a href=\"https:\/\/zema.de\/wp-content\/uploads\/2025\/07\/ZeMA-gGmbH_Datenschutzhinweise_Bewerber_innen.pdf\" target=\"_blank\" rel=\"noopener\">https:\/\/zema.de\/wp-content\/uploads\/2025\/07\/ZeMA-gGmbH_Datenschutzhinweise_Bewerber_innen.pdf<\/a><\/li>\n<li>for contractors: <a href=\"https:\/\/zema.de\/wp-content\/uploads\/2025\/07\/ZeMA-gGmbH_Datenschutzhinweise_Vertragspartner.pdf\" target=\"_blank\" rel=\"noopener\">https:\/\/zema.de\/wp-content\/uploads\/2025\/07\/ZeMA-gGmbH_Datenschutzhinweise_Vertragspartner.pdf<\/a><\/li>\n<\/ul>\n\n\t\t<\/div>\n\t<\/div>\n<div class=\"ult-spacer spacer-69e557094ea7c\" data-id=\"69e557094ea7c\" data-height=\"50\" data-height-mobile=\"50\" data-height-tab=\"50\" data-height-tab-portrait=\"\" data-height-mobile-landscape=\"\" style=\"clear:both;display:block;\"><\/div><\/div><\/div><\/div><\/div>\n<\/div>","protected":false},"excerpt":{"rendered":"<p>Data protection information Data protection information for employees: https:\/\/zema.de\/wp-content\/uploads\/2025\/07\/ZeMA-gGmbH_Privacy Policy_Employees.pdf for applicants: https:\/\/zema.de\/wp-content\/uploads\/2025\/07\/ZeMA-gGmbH_Privacy Policy_Applicants.pdf for contractors: https:\/\/zema.de\/wp-content\/uploads\/2025\/07\/ZeMA-gGmbH_Privacy Policy_Contractors.pdf<\/p>","protected":false},"author":21,"featured_media":0,"parent":0,"menu_order":600,"comment_status":"closed","ping_status":"closed","template":"","meta":{"footnotes":""},"class_list":["post-19135","page","type-page","status-publish","hentry","description-off"],"yoast_head":"<!-- This site is optimized with the Yoast SEO plugin v27.4 - https:\/\/yoast.com\/product\/yoast-seo-wordpress\/ -->\n<title>Datenschutzhinweise Forschungszentrum - ZeMA gGmbH Saarbr\u00fccken<\/title>\n<meta name=\"description\" content=\"Die Datenschutz-Seite der Webseite des Forschungszentrum ZeMA gGmbH in Saarbr\u00fccken. Alle rechtlichen Fragen werden hier gekl\u00e4rt. \u25b6 Erfahren Sie mehr!\" \/>\n<meta name=\"robots\" content=\"noindex, nofollow\" \/>\n<meta property=\"og:locale\" content=\"en_GB\" \/>\n<meta property=\"og:type\" content=\"article\" \/>\n<meta property=\"og:title\" content=\"Datenschutzhinweise Forschungszentrum - ZeMA gGmbH Saarbr\u00fccken\" \/>\n<meta property=\"og:description\" content=\"Die Datenschutz-Seite der Webseite des Forschungszentrum ZeMA gGmbH in Saarbr\u00fccken. Alle rechtlichen Fragen werden hier gekl\u00e4rt. \u25b6 Erfahren Sie mehr!\" \/>\n<meta property=\"og:url\" content=\"https:\/\/zema.de\/en\/datenschutzhinweise\/\" \/>\n<meta property=\"og:site_name\" content=\"fl.zema.de\" \/>\n<meta property=\"article:modified_time\" content=\"2025-07-08T08:15:59+00:00\" \/>\n<meta name=\"twitter:card\" content=\"summary_large_image\" \/>\n<meta name=\"twitter:label1\" content=\"Estimated reading time\" \/>\n\t<meta name=\"twitter:data1\" content=\"1 minute\" \/>\n<script type=\"application\/ld+json\" class=\"yoast-schema-graph\">{\"@context\":\"https:\\\/\\\/schema.org\",\"@graph\":[{\"@type\":\"WebPage\",\"@id\":\"https:\\\/\\\/zema.de\\\/datenschutzhinweise\\\/\",\"url\":\"https:\\\/\\\/zema.de\\\/datenschutzhinweise\\\/\",\"name\":\"Datenschutzhinweise Forschungszentrum - ZeMA gGmbH Saarbr\u00fccken\",\"isPartOf\":{\"@id\":\"https:\\\/\\\/zema.de\\\/#website\"},\"datePublished\":\"2025-07-08T08:09:31+00:00\",\"dateModified\":\"2025-07-08T08:15:59+00:00\",\"description\":\"Die Datenschutz-Seite der Webseite des Forschungszentrum ZeMA gGmbH in Saarbr\u00fccken. Alle rechtlichen Fragen werden hier gekl\u00e4rt. \u25b6 Erfahren Sie mehr!\",\"breadcrumb\":{\"@id\":\"https:\\\/\\\/zema.de\\\/datenschutzhinweise\\\/#breadcrumb\"},\"inLanguage\":\"en-GB\",\"potentialAction\":[{\"@type\":\"ReadAction\",\"target\":[\"https:\\\/\\\/zema.de\\\/datenschutzhinweise\\\/\"]}]},{\"@type\":\"BreadcrumbList\",\"@id\":\"https:\\\/\\\/zema.de\\\/datenschutzhinweise\\\/#breadcrumb\",\"itemListElement\":[{\"@type\":\"ListItem\",\"position\":1,\"name\":\"Startseite\",\"item\":\"https:\\\/\\\/zema.de\\\/\"},{\"@type\":\"ListItem\",\"position\":2,\"name\":\"Datenschutzhinweise\"}]},{\"@type\":\"WebSite\",\"@id\":\"https:\\\/\\\/zema.de\\\/#website\",\"url\":\"https:\\\/\\\/zema.de\\\/\",\"name\":\"fl.zema.de\",\"description\":\"Zentrum f\u00fcr Mechatronik und Automatisierungstechnik\",\"potentialAction\":[{\"@type\":\"SearchAction\",\"target\":{\"@type\":\"EntryPoint\",\"urlTemplate\":\"https:\\\/\\\/zema.de\\\/?s={search_term_string}\"},\"query-input\":{\"@type\":\"PropertyValueSpecification\",\"valueRequired\":true,\"valueName\":\"search_term_string\"}}],\"inLanguage\":\"en-GB\"}]}<\/script>\n<!-- \/ Yoast SEO plugin. -->","yoast_head_json":{"title":"Datenschutzhinweise Forschungszentrum - ZeMA gGmbH Saarbr\u00fccken","description":"Die Datenschutz-Seite der Webseite des Forschungszentrum ZeMA gGmbH in Saarbr\u00fccken. Alle rechtlichen Fragen werden hier gekl\u00e4rt. \u25b6 Erfahren Sie mehr!","robots":{"index":"noindex","follow":"nofollow"},"og_locale":"en_GB","og_type":"article","og_title":"Datenschutzhinweise Forschungszentrum - ZeMA gGmbH Saarbr\u00fccken","og_description":"Die Datenschutz-Seite der Webseite des Forschungszentrum ZeMA gGmbH in Saarbr\u00fccken. Alle rechtlichen Fragen werden hier gekl\u00e4rt. \u25b6 Erfahren Sie mehr!","og_url":"https:\/\/zema.de\/en\/datenschutzhinweise\/","og_site_name":"fl.zema.de","article_modified_time":"2025-07-08T08:15:59+00:00","twitter_card":"summary_large_image","twitter_misc":{"Estimated reading time":"1 minute"},"schema":{"@context":"https:\/\/schema.org","@graph":[{"@type":"WebPage","@id":"https:\/\/zema.de\/datenschutzhinweise\/","url":"https:\/\/zema.de\/datenschutzhinweise\/","name":"Datenschutzhinweise Forschungszentrum - ZeMA gGmbH Saarbr\u00fccken","isPartOf":{"@id":"https:\/\/zema.de\/#website"},"datePublished":"2025-07-08T08:09:31+00:00","dateModified":"2025-07-08T08:15:59+00:00","description":"Die Datenschutz-Seite der Webseite des Forschungszentrum ZeMA gGmbH in Saarbr\u00fccken. Alle rechtlichen Fragen werden hier gekl\u00e4rt. \u25b6 Erfahren Sie mehr!","breadcrumb":{"@id":"https:\/\/zema.de\/datenschutzhinweise\/#breadcrumb"},"inLanguage":"en-GB","potentialAction":[{"@type":"ReadAction","target":["https:\/\/zema.de\/datenschutzhinweise\/"]}]},{"@type":"BreadcrumbList","@id":"https:\/\/zema.de\/datenschutzhinweise\/#breadcrumb","itemListElement":[{"@type":"ListItem","position":1,"name":"Startseite","item":"https:\/\/zema.de\/"},{"@type":"ListItem","position":2,"name":"Datenschutzhinweise"}]},{"@type":"WebSite","@id":"https:\/\/zema.de\/#website","url":"https:\/\/zema.de\/","name":"fl.zema.de","description":"Zentrum f\u00fcr Mechatronik und Automatisierungstechnik","potentialAction":[{"@type":"SearchAction","target":{"@type":"EntryPoint","urlTemplate":"https:\/\/zema.de\/?s={search_term_string}"},"query-input":{"@type":"PropertyValueSpecification","valueRequired":true,"valueName":"search_term_string"}}],"inLanguage":"en-GB"}]}},"_links":{"self":[{"href":"https:\/\/zema.de\/en\/wp-json\/wp\/v2\/pages\/19135","targetHints":{"allow":["GET"]}}],"collection":[{"href":"https:\/\/zema.de\/en\/wp-json\/wp\/v2\/pages"}],"about":[{"href":"https:\/\/zema.de\/en\/wp-json\/wp\/v2\/types\/page"}],"author":[{"embeddable":true,"href":"https:\/\/zema.de\/en\/wp-json\/wp\/v2\/users\/21"}],"replies":[{"embeddable":true,"href":"https:\/\/zema.de\/en\/wp-json\/wp\/v2\/comments?post=19135"}],"version-history":[{"count":4,"href":"https:\/\/zema.de\/en\/wp-json\/wp\/v2\/pages\/19135\/revisions"}],"predecessor-version":[{"id":19728,"href":"https:\/\/zema.de\/en\/wp-json\/wp\/v2\/pages\/19135\/revisions\/19728"}],"wp:attachment":[{"href":"https:\/\/zema.de\/en\/wp-json\/wp\/v2\/media?parent=19135"}],"curies":[{"name":"wp","href":"https:\/\/api.w.org\/{rel}","templated":true}]}}