{"id":19157,"date":"2025-07-09T13:28:51","date_gmt":"2025-07-09T11:28:51","guid":{"rendered":"https:\/\/zema.de\/?page_id=19157"},"modified":"2025-07-09T13:28:51","modified_gmt":"2025-07-09T11:28:51","slug":"hinweis-zu-bild-ton-und-videoaufnahmen","status":"publish","type":"page","link":"https:\/\/zema.de\/en\/hinweis-zu-bild-ton-und-videoaufnahmen\/","title":{"rendered":"Note on picture\/sound\/video recordings"},"content":{"rendered":"<div class=\"wpb-content-wrapper\"><div class=\"vc_row wpb_row vc_row-fluid\"><div class=\"wpb_column vc_column_container vc_col-sm-12\"><div class=\"vc_column-inner\"><div class=\"wpb_wrapper\"><div id=\"ultimate-heading-643269e57eb74e7ac\" class=\"uvc-heading ult-adjust-bottom-margin ultimate-heading-643269e57eb74e7ac uvc-8811 accent-title-color\" data-hspacer=\"no_spacer\"  data-halign=\"left\" style=\"text-align:left\"><div class=\"uvc-heading-spacer no_spacer\" style=\"top\"><\/div><div class=\"uvc-main-heading ult-responsive\"  data-ultimate-target='.uvc-heading.ultimate-heading-643269e57eb74e7ac h2'  data-responsive-json-new='{\"font-size\":\"desktop:20px;mobile_landscape:22px;mobile:22px;\",\"line-height\":\"desktop:30px;mobile_landscape:32px;mobile:32px;\"}' ><h2 style=\"font-weight:700;color:#000000;\">Note on picture\/sound\/video recordings<\/h2><\/div><\/div><div class=\"ult-spacer spacer-69e57eb74e82c\" data-id=\"69e57eb74e82c\" data-height=\"30\" data-height-mobile=\"30\" data-height-tab=\"30\" data-height-tab-portrait=\"\" data-height-mobile-landscape=\"\" style=\"clear:both;display:block;\"><\/div>\n\t<div class=\"wpb_text_column wpb_content_element\" >\n\t\t<div class=\"wpb_wrapper\">\n\t\t\t<h3><strong>Note on picture\/sound\/video recordings<\/strong><\/h3>\n<h4><strong><u>Controller and Data Protection Officer<\/u><\/strong><\/h4>\n<p>ZeMA - Centre for Mechatronics and Automation Technology gGmbH<\/p>\n<p>Commercial park Eschberger Weg 46, building 9<\/p>\n<p>66121 Saarbr\u00fccken<\/p>\n<p>Tel.: +49 (0) 681 85787-0<\/p>\n<p>E-mail: <a href=\"mailto:info@zema.de\">info@zema.de<\/a><\/p>\n<p>Data protection officer: <a href=\"mailto:datenschutz@zema.de\">datenschutz@zema.de<\/a><\/p>\n<h4><strong><u>Purposes and legal bases of data processing<\/u><\/strong><\/h4>\n<p>At this event, image\/sound\/video recordings are created and published. This serves to safeguard our legitimate interests pursuant to Art. 6 (1) (f) GDPR in the reporting of the event and its documentation. For public relations, the recordings are used for print advertising or marketing as well as online on websites and social media.<\/p>\n<h4><strong><u>Categories of recipients<\/u><\/strong><\/h4>\n<p>Recipients are operators and users of the services through which the recordings are published.<\/p>\n<h4><strong><u>Intention to transfer data to third countries<\/u><\/strong><\/h4>\n<p>The recordings can be transmitted to third countries through the use of the services. In these cases, there are appropriate or appropriate safeguards in accordance with Art. 46 GDPR.<\/p>\n<h4><strong><u>Duration of data storage<\/u><\/strong><\/h4>\n<p>Data storage continues until the aforementioned purposes have been achieved and no retention periods prescribe data storage.<\/p>\n<h4><strong><u>Necessity of data provision for the conclusion of a contract<\/u><\/strong><\/h4>\n<p>The provision of the recordings is neither required by law nor by contract. In the event of non-provision, there will be no creation and publication of image\/sound\/video recordings.<\/p>\n<h4><strong><u>Rights of data subjects<\/u><\/strong><\/h4>\n<p><strong>Right to object<\/strong>; the right of access, rectification, erasure or restriction of processing; the right to data portability; Right to lodge a complaint with the competent supervisory authority<\/p>\n\n\t\t<\/div>\n\t<\/div>\n<div class=\"ult-spacer spacer-69e57eb74ea77\" data-id=\"69e57eb74ea77\" data-height=\"50\" data-height-mobile=\"50\" data-height-tab=\"50\" data-height-tab-portrait=\"\" data-height-mobile-landscape=\"\" style=\"clear:both;display:block;\"><\/div><\/div><\/div><\/div><\/div>\n<\/div>","protected":false},"excerpt":{"rendered":"<p>Note on picture\/sound and video recordings Note on picture\/sound and video recordings Responsible and data protection officer ZeMA - Centre for Mechatronics and Automation Technology gGmbH Gewerbepark Eschberger Weg 46, building 9 66121 Saarbr\u00fccken Tel.: +49 (0) 681 85787-0 E-mail: info@zema.de Data Protection Officer: datenschutz@zema.de Purposes and legal bases of data processing Image\/sound\/video recordings are created and published at this event. This serves...<\/p>","protected":false},"author":21,"featured_media":0,"parent":0,"menu_order":600,"comment_status":"closed","ping_status":"closed","template":"","meta":{"footnotes":""},"class_list":["post-19157","page","type-page","status-publish","hentry","description-off"],"yoast_head":"<!-- This site is optimized with the Yoast SEO plugin v27.4 - https:\/\/yoast.com\/product\/yoast-seo-wordpress\/ -->\n<title>Hinweis zu Bild-\/Ton-\/ und Videoaufnahmen Forschungszentrum - ZeMA gGmbH Saarbr\u00fccken<\/title>\n<meta name=\"description\" content=\"Die Datenschutz-Seite der Webseite des Forschungszentrum ZeMA gGmbH in Saarbr\u00fccken. Alle rechtlichen Fragen werden hier gekl\u00e4rt. \u25b6 Erfahren Sie mehr!\" \/>\n<meta name=\"robots\" content=\"noindex, nofollow\" \/>\n<meta property=\"og:locale\" content=\"en_GB\" \/>\n<meta property=\"og:type\" content=\"article\" \/>\n<meta property=\"og:title\" content=\"Hinweis zu Bild-\/Ton-\/ und Videoaufnahmen Forschungszentrum - ZeMA gGmbH Saarbr\u00fccken\" \/>\n<meta property=\"og:description\" content=\"Die Datenschutz-Seite der Webseite des Forschungszentrum ZeMA gGmbH in Saarbr\u00fccken. Alle rechtlichen Fragen werden hier gekl\u00e4rt. \u25b6 Erfahren Sie mehr!\" \/>\n<meta property=\"og:url\" content=\"https:\/\/zema.de\/en\/hinweis-zu-bild-ton-und-videoaufnahmen\/\" \/>\n<meta property=\"og:site_name\" content=\"fl.zema.de\" \/>\n<meta name=\"twitter:card\" content=\"summary_large_image\" \/>\n<meta name=\"twitter:label1\" content=\"Estimated reading time\" \/>\n\t<meta name=\"twitter:data1\" content=\"2 minutes\" \/>\n<script type=\"application\/ld+json\" class=\"yoast-schema-graph\">{\"@context\":\"https:\\\/\\\/schema.org\",\"@graph\":[{\"@type\":\"WebPage\",\"@id\":\"https:\\\/\\\/zema.de\\\/hinweis-zu-bild-ton-und-videoaufnahmen\\\/\",\"url\":\"https:\\\/\\\/zema.de\\\/hinweis-zu-bild-ton-und-videoaufnahmen\\\/\",\"name\":\"Hinweis zu Bild-\\\/Ton-\\\/ und Videoaufnahmen Forschungszentrum - ZeMA gGmbH Saarbr\u00fccken\",\"isPartOf\":{\"@id\":\"https:\\\/\\\/zema.de\\\/#website\"},\"datePublished\":\"2025-07-09T11:28:51+00:00\",\"description\":\"Die Datenschutz-Seite der Webseite des Forschungszentrum ZeMA gGmbH in Saarbr\u00fccken. Alle rechtlichen Fragen werden hier gekl\u00e4rt. \u25b6 Erfahren Sie mehr!\",\"breadcrumb\":{\"@id\":\"https:\\\/\\\/zema.de\\\/hinweis-zu-bild-ton-und-videoaufnahmen\\\/#breadcrumb\"},\"inLanguage\":\"en-GB\",\"potentialAction\":[{\"@type\":\"ReadAction\",\"target\":[\"https:\\\/\\\/zema.de\\\/hinweis-zu-bild-ton-und-videoaufnahmen\\\/\"]}]},{\"@type\":\"BreadcrumbList\",\"@id\":\"https:\\\/\\\/zema.de\\\/hinweis-zu-bild-ton-und-videoaufnahmen\\\/#breadcrumb\",\"itemListElement\":[{\"@type\":\"ListItem\",\"position\":1,\"name\":\"Startseite\",\"item\":\"https:\\\/\\\/zema.de\\\/\"},{\"@type\":\"ListItem\",\"position\":2,\"name\":\"Hinweis zu Bild-\\\/Ton-\\\/ und Videoaufnahmen\"}]},{\"@type\":\"WebSite\",\"@id\":\"https:\\\/\\\/zema.de\\\/#website\",\"url\":\"https:\\\/\\\/zema.de\\\/\",\"name\":\"fl.zema.de\",\"description\":\"Zentrum f\u00fcr Mechatronik und Automatisierungstechnik\",\"potentialAction\":[{\"@type\":\"SearchAction\",\"target\":{\"@type\":\"EntryPoint\",\"urlTemplate\":\"https:\\\/\\\/zema.de\\\/?s={search_term_string}\"},\"query-input\":{\"@type\":\"PropertyValueSpecification\",\"valueRequired\":true,\"valueName\":\"search_term_string\"}}],\"inLanguage\":\"en-GB\"}]}<\/script>\n<!-- \/ Yoast SEO plugin. -->","yoast_head_json":{"title":"Hinweis zu Bild-\/Ton-\/ und Videoaufnahmen Forschungszentrum - ZeMA gGmbH Saarbr\u00fccken","description":"Die Datenschutz-Seite der Webseite des Forschungszentrum ZeMA gGmbH in Saarbr\u00fccken. Alle rechtlichen Fragen werden hier gekl\u00e4rt. \u25b6 Erfahren Sie mehr!","robots":{"index":"noindex","follow":"nofollow"},"og_locale":"en_GB","og_type":"article","og_title":"Hinweis zu Bild-\/Ton-\/ und Videoaufnahmen Forschungszentrum - ZeMA gGmbH Saarbr\u00fccken","og_description":"Die Datenschutz-Seite der Webseite des Forschungszentrum ZeMA gGmbH in Saarbr\u00fccken. Alle rechtlichen Fragen werden hier gekl\u00e4rt. \u25b6 Erfahren Sie mehr!","og_url":"https:\/\/zema.de\/en\/hinweis-zu-bild-ton-und-videoaufnahmen\/","og_site_name":"fl.zema.de","twitter_card":"summary_large_image","twitter_misc":{"Estimated reading time":"2 minutes"},"schema":{"@context":"https:\/\/schema.org","@graph":[{"@type":"WebPage","@id":"https:\/\/zema.de\/hinweis-zu-bild-ton-und-videoaufnahmen\/","url":"https:\/\/zema.de\/hinweis-zu-bild-ton-und-videoaufnahmen\/","name":"Hinweis zu Bild-\/Ton-\/ und Videoaufnahmen Forschungszentrum - ZeMA gGmbH Saarbr\u00fccken","isPartOf":{"@id":"https:\/\/zema.de\/#website"},"datePublished":"2025-07-09T11:28:51+00:00","description":"Die Datenschutz-Seite der Webseite des Forschungszentrum ZeMA gGmbH in Saarbr\u00fccken. Alle rechtlichen Fragen werden hier gekl\u00e4rt. \u25b6 Erfahren Sie mehr!","breadcrumb":{"@id":"https:\/\/zema.de\/hinweis-zu-bild-ton-und-videoaufnahmen\/#breadcrumb"},"inLanguage":"en-GB","potentialAction":[{"@type":"ReadAction","target":["https:\/\/zema.de\/hinweis-zu-bild-ton-und-videoaufnahmen\/"]}]},{"@type":"BreadcrumbList","@id":"https:\/\/zema.de\/hinweis-zu-bild-ton-und-videoaufnahmen\/#breadcrumb","itemListElement":[{"@type":"ListItem","position":1,"name":"Startseite","item":"https:\/\/zema.de\/"},{"@type":"ListItem","position":2,"name":"Hinweis zu Bild-\/Ton-\/ und Videoaufnahmen"}]},{"@type":"WebSite","@id":"https:\/\/zema.de\/#website","url":"https:\/\/zema.de\/","name":"fl.zema.de","description":"Zentrum f\u00fcr Mechatronik und Automatisierungstechnik","potentialAction":[{"@type":"SearchAction","target":{"@type":"EntryPoint","urlTemplate":"https:\/\/zema.de\/?s={search_term_string}"},"query-input":{"@type":"PropertyValueSpecification","valueRequired":true,"valueName":"search_term_string"}}],"inLanguage":"en-GB"}]}},"_links":{"self":[{"href":"https:\/\/zema.de\/en\/wp-json\/wp\/v2\/pages\/19157","targetHints":{"allow":["GET"]}}],"collection":[{"href":"https:\/\/zema.de\/en\/wp-json\/wp\/v2\/pages"}],"about":[{"href":"https:\/\/zema.de\/en\/wp-json\/wp\/v2\/types\/page"}],"author":[{"embeddable":true,"href":"https:\/\/zema.de\/en\/wp-json\/wp\/v2\/users\/21"}],"replies":[{"embeddable":true,"href":"https:\/\/zema.de\/en\/wp-json\/wp\/v2\/comments?post=19157"}],"version-history":[{"count":2,"href":"https:\/\/zema.de\/en\/wp-json\/wp\/v2\/pages\/19157\/revisions"}],"predecessor-version":[{"id":19160,"href":"https:\/\/zema.de\/en\/wp-json\/wp\/v2\/pages\/19157\/revisions\/19160"}],"wp:attachment":[{"href":"https:\/\/zema.de\/en\/wp-json\/wp\/v2\/media?parent=19157"}],"curies":[{"name":"wp","href":"https:\/\/api.w.org\/{rel}","templated":true}]}}