{"id":15233,"date":"2019-11-08T12:20:19","date_gmt":"2019-11-08T11:20:19","guid":{"rendered":"http:\/\/fl.zema.de\/?page_id=15233"},"modified":"2025-02-03T10:55:08","modified_gmt":"2025-02-03T09:55:08","slug":"impressum","status":"publish","type":"page","link":"https:\/\/zema.de\/fr\/impressum\/","title":{"rendered":"Mentions l\u00e9gales"},"content":{"rendered":"<div class=\"wpb-content-wrapper\"><div class=\"vc_row wpb_row vc_row-fluid vc_custom_1579087796389\"><div class=\"wpb_column vc_column_container vc_col-sm-12 vc_col-lg-12 vc_col-md-12\"><div class=\"vc_column-inner vc_custom_1476030031960\"><div class=\"wpb_wrapper\"><div id=\"ultimate-heading-322369eb173da8a20\" class=\"uvc-heading ult-adjust-bottom-margin ultimate-heading-322369eb173da8a20 uvc-6215 accent-title-color\" data-hspacer=\"no_spacer\"  data-halign=\"center\" style=\"text-align:center\"><div class=\"uvc-heading-spacer no_spacer\" style=\"top\"><\/div><div class=\"uvc-main-heading ult-responsive\"  data-ultimate-target='.uvc-heading.ultimate-heading-322369eb173da8a20 h2'  data-responsive-json-new='{\"font-size\":\"desktop:34px;mobile_landscape:22px;mobile:22px;\",\"line-height\":\"desktop:46px;mobile_landscape:32px;mobile:32px;\"}' ><h2 style=\"font-weight:700;color:#ffffff;\">Mentions l\u00e9gales<\/h2><\/div><\/div><style type=\"text\/css\" data-type=\"the7_shortcodes-inline-css\">.dt-breadcrumbs-id-00e7ad14fe45716ac790718ece057902 .breadcrumbs {\n  display: inline-block;\n  margin: 0;\n  padding: 2px 12px 2px 12px;\n  border: 1px solid rgba(255,255,255,0.25);\n  border-radius: 0px;\n}\n.dt-breadcrumbs-id-00e7ad14fe45716ac790718ece057902 .breadcrumbs * {\n  font-size: 13px;\n  line-height: 16px;\n  color: #ffffff;\n}<\/style><div class=\"dt-breadcrumbs-shortcode dt-breadcrumbs-id-00e7ad14fe45716ac790718ece057902 align-centre\"><div class=\"assistive-text\">Vous \u00eates ici :<\/div><ol class=\"breadcrumbs text-small\" itemscope itemtype=\"https:\/\/schema.org\/BreadcrumbList\"><li itemprop=\"itemListElement\" itemscope itemtype=\"https:\/\/schema.org\/ListItem\"><a itemprop=\"item\" href=\"https:\/\/zema.de\/fr\/\" title=\"Accueil\"><span itemprop=\"name\">Accueil<\/span><\/a><meta itemprop=\"position\" content=\"1\" \/><\/li><li class=\"current\" itemprop=\"itemListElement\" itemscope itemtype=\"https:\/\/schema.org\/ListItem\"><span itemprop=\"name\">Page<\/span><meta itemprop=\"position\" content=\"2\" \/><\/li><\/ol><\/div><\/div><\/div><\/div><\/div><!-- Row Backgrounds --><div class=\"upb_bg_img\" data-ultimate-bg=\"url(https:\/\/zema.de\/wp-content\/uploads\/2020\/01\/Gruppenbild-1.png)\" data-image-id=\"id^15495|url^http:\/\/fl.zema.de\/wp-content\/uploads\/2020\/01\/Gruppenbild-1.png|caption^null|alt^null|title^Gruppenbild|description^null\" data-ultimate-bg-style=\"vcpb-default\" data-bg-img-repeat=\"no-repeat\" data-bg-img-size=\"cover\" data-bg-img-position=\"\" data-parallx_sense=\"30\" data-bg-override=\"ex-full\" data-bg_img_attach=\"scroll\" data-upb-overlay-color=\"rgba(0,0,0,0.5)\" data-upb-bg-animation=\"\" data-fadeout=\"\" data-bg-animation=\"left-animation\" data-bg-animation-type=\"h\" data-animation-repeat=\"repeat\" data-fadeout-percentage=\"30\" data-parallax-content=\"\" data-parallax-content-sense=\"30\" data-row-effect-mobile-disable=\"true\" data-img-parallax-mobile-disable=\"true\" data-rtl=\"false\"  data-custom-vc-row=\"\"  data-vc=\"8.7.2\"  data-is_old_vc=\"\"  data-theme-support=\"\"   data-overlay=\"true\" data-overlay-color=\"rgba(0,0,0,0.5)\" data-overlay-pattern=\"\" data-overlay-pattern-opacity=\"0.25\" data-overlay-pattern-size=\"\" data-overlay-pattern-attachment=\"scroll\"    ><\/div><div class=\"vc_row wpb_row vc_row-fluid\"><div class=\"wpb_column vc_column_container vc_col-sm-12\"><div class=\"vc_column-inner\"><div class=\"wpb_wrapper\">\n\t<div class=\"wpb_text_column wpb_content_element  vc_custom_1738576503674\" >\n\t\t<div class=\"wpb_wrapper\">\n\t\t\t<h2 style=\"text-align: justify;\">Mentions l\u00e9gales<\/h2>\n<p style=\"text-align: justify;\">ZeMA \u2013 Zentrum f\u00fcr Mechatronik und Automationstechnik gGmbH (centre de m\u00e9catronique et d\u2019automatisation)<br \/>\nChemin d'Eschberg 46<br \/>\nParc d'activit\u00e9s B\u00e2timent 9<br \/>\n66121 Sarrebruck<\/p>\n<p style=\"text-align: justify;\">Registre du commerce: HR B 17885<br \/>\nTribunal d'enregistrement: Tribunal d'instance de Sarrebruck<\/p>\n<p style=\"text-align: justify;\"><strong>Repr\u00e9sent\u00e9 par:<\/strong><br \/>\nDirecteur g\u00e9n\u00e9ral: Prof. Dr. Susan Pulham<br \/>\nDirecteur g\u00e9n\u00e9ral: Prof. Dr.-Ing. Paul Motzki<br \/>\nPr\u00e9sident du conseil de surveillance: M. J\u00fcrgen Barke (ministre de l'\u00e9conomie, de l'innovation, du num\u00e9rique et de l'\u00e9nergie)<\/p>\n<p style=\"text-align: justify;\"><strong>Nous contacter<\/strong><\/p>\n<p style=\"text-align: justify;\">T\u00e9l\u00e9phone: +49 (0) 681 \u2013 85787 \u2013 0<br \/>\nT\u00e9l\u00e9copieur: +49 (0) 681 \u2013 85787 \u2013 11<br \/>\nCourriel: info@zema.de<\/p>\n<p style=\"text-align: justify;\"><strong>Num\u00e9ro de TVA<\/strong><\/p>\n<p style=\"text-align: justify;\">Num\u00e9ro d\u2019identification \u00e0 la TVA conform\u00e9ment \u00e0 l\u2019article 27 bis de la loi relative \u00e0 la TVA:<br \/>\nDE 815 155 410<\/p>\n<p style=\"text-align: justify;\"><strong>Responsable du contenu \u00e9ditorial\u00a0<\/strong><\/p>\n<p style=\"text-align: justify;\">Prof. Dr. Susan Pulham<br \/>\nProf. Dr.-Ing. Paul Motzki<\/p>\n<p style=\"text-align: justify;\"><strong>R\u00e8glement des litiges de consommation\/organe de conciliation universel<\/strong><\/p>\n<p style=\"text-align: justify;\">Nous ne sommes pas dispos\u00e9s ou tenus de participer \u00e0 des proc\u00e9dures de r\u00e8glement des litiges devant un organe de conciliation des consommateurs.<\/p>\n<p style=\"text-align: justify;\"><strong>Droit d'auteur<\/strong><\/p>\n<p style=\"text-align: justify;\">Les contenus et les \u0153uvres cr\u00e9\u00e9s par les exploitants du site sur ces pages sont soumis au droit d'auteur allemand. La reproduction, l'\u00e9dition, la distribution et toute forme d'exploitation en dehors des limites du droit d'auteur n\u00e9cessitent le consentement \u00e9crit de l'auteur ou du cr\u00e9ateur respectif. Les t\u00e9l\u00e9chargements et les copies de ce site ne sont autoris\u00e9s que pour un usage priv\u00e9 et non commercial.<\/p>\n<p style=\"text-align: justify;\">Dans la mesure o\u00f9 le contenu de ce site n'a pas \u00e9t\u00e9 cr\u00e9\u00e9 par l'exploitant, les droits d'auteur de tiers sont respect\u00e9s. En particulier, les contenus de tiers sont identifi\u00e9s comme tels. Si vous \u00eates n\u00e9anmoins inform\u00e9 d'une violation du droit d'auteur, nous vous prions de nous en informer. D\u00e8s que nous aurons connaissance d'une violation de la loi, nous supprimerons imm\u00e9diatement ce contenu.<\/p>\n<p style=\"text-align: justify;\"><strong>Associ\u00e9s :<\/strong><br \/>\nLand de Sarre (59%)<br \/>\nUniversit\u00e9 de la Sarre (19%)<br \/>\nHaute \u00e9cole de technologie et d'\u00e9conomie de la Sarre (19%)<br \/>\nMontan-Bebeteiligungungsgesellschaft-Saar GmbH (3%)<\/p>\n\n\t\t<\/div>\n\t<\/div>\n<div class=\"ult-spacer spacer-69eb173da9a2e\" data-id=\"69eb173da9a2e\" data-height=\"50\" data-height-mobile=\"50\" data-height-tab=\"50\" data-height-tab-portrait=\"\" data-height-mobile-landscape=\"\" style=\"clear:both;display:block;\"><\/div><\/div><\/div><\/div><\/div>\n<\/div>","protected":false},"excerpt":{"rendered":"<p>Impressum Impressum ZeMA \u2013 Zentrum f\u00fcr Mechatronik und Automationstechnik gGmbH Eschberger Weg 46 Gewerbepark B\u00e2timent 9 66121 Sarrebruck Registre du commerce: HR B 17885 Tribunal du registre: Amtsgericht Saarbr\u00fccken (tribunal de district de Sarrebruck), repr\u00e9sent\u00e9 par : Directeur g\u00e9n\u00e9ral: Prof. Dr. Susan Pulham Directeur g\u00e9n\u00e9ral: Prof. Dr.-Ing. Paul Motzki Pr\u00e9sident du Conseil de Surveillance: J\u00fcrgen Barke (ministre de l'\u00e9conomie, de l'innovation, du num\u00e9rique et de l'\u00e9nergie) Contact T\u00e9l\u00e9phone: +49 (0) 681 - 85787...<\/p>","protected":false},"author":14,"featured_media":0,"parent":0,"menu_order":600,"comment_status":"closed","ping_status":"closed","template":"","meta":{"footnotes":""},"class_list":["post-15233","page","type-page","status-publish","hentry","description-off"],"yoast_head":"<!-- This site is optimized with the Yoast SEO plugin v27.4 - https:\/\/yoast.com\/product\/yoast-seo-wordpress\/ -->\n<title>Impressum Forschungszentrum - ZeMA gGmbH Saarbr\u00fccken<\/title>\n<meta name=\"description\" content=\"Suchen sie nach dem Impressum unserer Seite des ZeMA gGmbH in Saarbr\u00fccken? Dann sind sie hier richtig \u25b6 Erfahren Sie mehr!\" \/>\n<meta name=\"robots\" content=\"noindex, nofollow\" \/>\n<meta property=\"og:locale\" content=\"fr_FR\" \/>\n<meta property=\"og:type\" content=\"article\" \/>\n<meta property=\"og:title\" content=\"Impressum Forschungszentrum - ZeMA gGmbH Saarbr\u00fccken\" \/>\n<meta property=\"og:description\" content=\"Suchen sie nach dem Impressum unserer Seite des ZeMA gGmbH in Saarbr\u00fccken? Dann sind sie hier richtig \u25b6 Erfahren Sie mehr!\" \/>\n<meta property=\"og:url\" content=\"https:\/\/zema.de\/fr\/impressum\/\" \/>\n<meta property=\"og:site_name\" content=\"fl.zema.de\" \/>\n<meta property=\"article:modified_time\" content=\"2025-02-03T09:55:08+00:00\" \/>\n<meta name=\"twitter:card\" content=\"summary_large_image\" \/>\n<meta name=\"twitter:label1\" content=\"Dur\u00e9e de lecture estim\u00e9e\" \/>\n\t<meta name=\"twitter:data1\" content=\"2 minutes\" \/>\n<script type=\"application\/ld+json\" class=\"yoast-schema-graph\">{\"@context\":\"https:\\\/\\\/schema.org\",\"@graph\":[{\"@type\":\"WebPage\",\"@id\":\"https:\\\/\\\/zema.de\\\/impressum\\\/\",\"url\":\"https:\\\/\\\/zema.de\\\/impressum\\\/\",\"name\":\"Impressum Forschungszentrum - ZeMA gGmbH Saarbr\u00fccken\",\"isPartOf\":{\"@id\":\"https:\\\/\\\/zema.de\\\/#website\"},\"datePublished\":\"2019-11-08T11:20:19+00:00\",\"dateModified\":\"2025-02-03T09:55:08+00:00\",\"description\":\"Suchen sie nach dem Impressum unserer Seite des ZeMA gGmbH in Saarbr\u00fccken? Dann sind sie hier richtig \u25b6 Erfahren Sie mehr!\",\"breadcrumb\":{\"@id\":\"https:\\\/\\\/zema.de\\\/impressum\\\/#breadcrumb\"},\"inLanguage\":\"fr-FR\",\"potentialAction\":[{\"@type\":\"ReadAction\",\"target\":[\"https:\\\/\\\/zema.de\\\/impressum\\\/\"]}]},{\"@type\":\"BreadcrumbList\",\"@id\":\"https:\\\/\\\/zema.de\\\/impressum\\\/#breadcrumb\",\"itemListElement\":[{\"@type\":\"ListItem\",\"position\":1,\"name\":\"Startseite\",\"item\":\"https:\\\/\\\/zema.de\\\/\"},{\"@type\":\"ListItem\",\"position\":2,\"name\":\"Impressum\"}]},{\"@type\":\"WebSite\",\"@id\":\"https:\\\/\\\/zema.de\\\/#website\",\"url\":\"https:\\\/\\\/zema.de\\\/\",\"name\":\"fl.zema.de\",\"description\":\"Zentrum f\u00fcr Mechatronik und Automatisierungstechnik\",\"potentialAction\":[{\"@type\":\"SearchAction\",\"target\":{\"@type\":\"EntryPoint\",\"urlTemplate\":\"https:\\\/\\\/zema.de\\\/?s={search_term_string}\"},\"query-input\":{\"@type\":\"PropertyValueSpecification\",\"valueRequired\":true,\"valueName\":\"search_term_string\"}}],\"inLanguage\":\"fr-FR\"}]}<\/script>\n<!-- \/ Yoast SEO plugin. -->","yoast_head_json":{"title":"Impressum Forschungszentrum - ZeMA gGmbH Saarbr\u00fccken","description":"Suchen sie nach dem Impressum unserer Seite des ZeMA gGmbH in Saarbr\u00fccken? Dann sind sie hier richtig \u25b6 Erfahren Sie mehr!","robots":{"index":"noindex","follow":"nofollow"},"og_locale":"fr_FR","og_type":"article","og_title":"Impressum Forschungszentrum - ZeMA gGmbH Saarbr\u00fccken","og_description":"Suchen sie nach dem Impressum unserer Seite des ZeMA gGmbH in Saarbr\u00fccken? Dann sind sie hier richtig \u25b6 Erfahren Sie mehr!","og_url":"https:\/\/zema.de\/fr\/impressum\/","og_site_name":"fl.zema.de","article_modified_time":"2025-02-03T09:55:08+00:00","twitter_card":"summary_large_image","twitter_misc":{"Dur\u00e9e de lecture estim\u00e9e":"2 minutes"},"schema":{"@context":"https:\/\/schema.org","@graph":[{"@type":"WebPage","@id":"https:\/\/zema.de\/impressum\/","url":"https:\/\/zema.de\/impressum\/","name":"Impressum Forschungszentrum - ZeMA gGmbH Saarbr\u00fccken","isPartOf":{"@id":"https:\/\/zema.de\/#website"},"datePublished":"2019-11-08T11:20:19+00:00","dateModified":"2025-02-03T09:55:08+00:00","description":"Suchen sie nach dem Impressum unserer Seite des ZeMA gGmbH in Saarbr\u00fccken? Dann sind sie hier richtig \u25b6 Erfahren Sie mehr!","breadcrumb":{"@id":"https:\/\/zema.de\/impressum\/#breadcrumb"},"inLanguage":"fr-FR","potentialAction":[{"@type":"ReadAction","target":["https:\/\/zema.de\/impressum\/"]}]},{"@type":"BreadcrumbList","@id":"https:\/\/zema.de\/impressum\/#breadcrumb","itemListElement":[{"@type":"ListItem","position":1,"name":"Startseite","item":"https:\/\/zema.de\/"},{"@type":"ListItem","position":2,"name":"Impressum"}]},{"@type":"WebSite","@id":"https:\/\/zema.de\/#website","url":"https:\/\/zema.de\/","name":"fl.zema.de","description":"Zentrum f\u00fcr Mechatronik und Automatisierungstechnik","potentialAction":[{"@type":"SearchAction","target":{"@type":"EntryPoint","urlTemplate":"https:\/\/zema.de\/?s={search_term_string}"},"query-input":{"@type":"PropertyValueSpecification","valueRequired":true,"valueName":"search_term_string"}}],"inLanguage":"fr-FR"}]}},"_links":{"self":[{"href":"https:\/\/zema.de\/fr\/wp-json\/wp\/v2\/pages\/15233","targetHints":{"allow":["GET"]}}],"collection":[{"href":"https:\/\/zema.de\/fr\/wp-json\/wp\/v2\/pages"}],"about":[{"href":"https:\/\/zema.de\/fr\/wp-json\/wp\/v2\/types\/page"}],"author":[{"embeddable":true,"href":"https:\/\/zema.de\/fr\/wp-json\/wp\/v2\/users\/14"}],"replies":[{"embeddable":true,"href":"https:\/\/zema.de\/fr\/wp-json\/wp\/v2\/comments?post=15233"}],"version-history":[{"count":30,"href":"https:\/\/zema.de\/fr\/wp-json\/wp\/v2\/pages\/15233\/revisions"}],"predecessor-version":[{"id":18829,"href":"https:\/\/zema.de\/fr\/wp-json\/wp\/v2\/pages\/15233\/revisions\/18829"}],"wp:attachment":[{"href":"https:\/\/zema.de\/fr\/wp-json\/wp\/v2\/media?parent=15233"}],"curies":[{"name":"wp","href":"https:\/\/api.w.org\/{rel}","templated":true}]}}