{"id":15375,"date":"2019-12-02T14:12:05","date_gmt":"2019-12-02T13:12:05","guid":{"rendered":"http:\/\/fl.zema.de\/veranstaltungen\/"},"modified":"2026-03-03T09:05:47","modified_gmt":"2026-03-03T08:05:47","slug":"veranstaltungen","status":"publish","type":"page","link":"https:\/\/zema.de\/fr\/veranstaltungen\/","title":{"rendered":"\u00e9v\u00e9nements"},"content":{"rendered":"<div class=\"wpb-content-wrapper\"><div class=\"vc_row wpb_row vc_row-fluid\"><div class=\"wpb_column vc_column_container vc_col-sm-12\"><div class=\"vc_column-inner\"><div class=\"wpb_wrapper\">\n\t<div class=\"wpb_text_column wpb_content_element\" >\n\t\t<div class=\"wpb_wrapper\">\n\t\t\t<p>CONTENTS<\/p>\n\n\t\t<\/div>\n\t<\/div>\n<\/div><\/div><\/div><\/div><div class=\"vc_row wpb_row vc_row-fluid\"><div class=\"wpb_column vc_column_container vc_col-sm-6\"><div class=\"vc_column-inner\"><div class=\"wpb_wrapper\"><div class=\"ult-spacer spacer-69ea79dad66df\" data-id=\"69ea79dad66df\" data-height=\"50\" data-height-mobile=\"50\" data-height-tab=\"50\" data-height-tab-portrait=\"\" data-height-mobile-landscape=\"\" style=\"clear:both;display:block;\"><\/div>\n\t<div class=\"wpb_text_column wpb_content_element\" >\n\t\t<div class=\"wpb_wrapper\">\n\t\t\t<p>Les \u00e9v\u00e9nements actuels de notre projet soutenu par BMWK <a href=\"https:\/\/digitalzentrum-saarbruecken.de\/\">Centre num\u00e9rique des PME de Sarrebruck<\/a> Vous pouvez le trouver ici:<\/p>\n\n\t\t<\/div>\n\t<\/div>\n<style type=\"text\/css\" data-type=\"the7_shortcodes-inline-css\">#default-btn-678e402663dd2bbcffd7e98b0f9e57fa.ico-right-side > i {\n  margin-right: 0px;\n  margin-left: 8px;\n}\n#default-btn-678e402663dd2bbcffd7e98b0f9e57fa > i {\n  margin-right: 8px;\n}<\/style><a href=\"https:\/\/digitalzentrum-saarbruecken.de\/veranstaltungen-2\/\" class=\"default-btn-shortcode dt-btn dt-btn-m link-hover-off btn-inline-left\" target=\"_blank\" id=\"default-btn-678e402663dd2bbcffd7e98b0f9e57fa\" rel=\"noopener\"><span>Autres \u00e9v\u00e9nements<\/span><\/a><div class=\"ult-spacer spacer-69ea79dad6944\" data-id=\"69ea79dad6944\" data-height=\"20\" data-height-mobile=\"20\" data-height-tab=\"20\" data-height-tab-portrait=\"\" data-height-mobile-landscape=\"\" style=\"clear:both;display:block;\"><\/div>\n\t<div class=\"wpb_text_column wpb_content_element\" >\n\t\t<div class=\"wpb_wrapper\">\n\t\t\t<p>Les \u00e9v\u00e9nements actuels de notre projet soutenu par BMAS <a href=\"https:\/\/rzzki.de\/\">RZzKI<\/a> Vous pouvez le trouver ici:<\/p>\n\n\t\t<\/div>\n\t<\/div>\n<style type=\"text\/css\" data-type=\"the7_shortcodes-inline-css\">#default-btn-2eb033920a3de9adaf2f6148c0732f7f.ico-right-side > i {\n  margin-right: 0px;\n  margin-left: 8px;\n}\n#default-btn-2eb033920a3de9adaf2f6148c0732f7f > i {\n  margin-right: 8px;\n}<\/style><a href=\"https:\/\/rzzki.de\/#!\/events\" class=\"default-btn-shortcode dt-btn dt-btn-m link-hover-off btn-inline-left\" target=\"_blank\" id=\"default-btn-2eb033920a3de9adaf2f6148c0732f7f\" rel=\"noopener\"><span>Autres \u00e9v\u00e9nements<\/span><\/a><div class=\"ult-spacer spacer-69ea79dad6b29\" data-id=\"69ea79dad6b29\" data-height=\"20\" data-height-mobile=\"20\" data-height-tab=\"20\" data-height-tab-portrait=\"\" data-height-mobile-landscape=\"\" style=\"clear:both;display:block;\"><\/div>\n\t<div class=\"wpb_text_column wpb_content_element\" >\n\t\t<div class=\"wpb_wrapper\">\n\t\t\t<p>Les \u00e9v\u00e9nements actuels de notre<a href=\"https:\/\/edih-saarland.de\/\"> EDIH<\/a> Vous trouverez le projet ici:.<\/p>\n\n\t\t<\/div>\n\t<\/div>\n<style type=\"text\/css\" data-type=\"the7_shortcodes-inline-css\">#default-btn-9a80623586690137cc9641100c6ef9b6.ico-right-side > i {\n  margin-right: 0px;\n  margin-left: 8px;\n}\n#default-btn-9a80623586690137cc9641100c6ef9b6 > i {\n  margin-right: 8px;\n}<\/style><a href=\"https:\/\/edih-saarland.de\/shop\/\" class=\"default-btn-shortcode dt-btn dt-btn-m link-hover-off btn-inline-left\" target=\"_blank\" id=\"default-btn-9a80623586690137cc9641100c6ef9b6\" title=\"Autres \u00e9v\u00e9nements\" rel=\"noopener\"><span>Autres \u00e9v\u00e9nements<\/span><\/a><\/div><\/div><\/div><div class=\"wpb_column vc_column_container vc_col-sm-6\"><div class=\"vc_column-inner\"><div class=\"wpb_wrapper\"><\/div><\/div><\/div><\/div>\n<\/div>","protected":false},"excerpt":{"rendered":"<p>CONTENTS<\/p>","protected":false},"author":14,"featured_media":15147,"parent":0,"menu_order":0,"comment_status":"closed","ping_status":"closed","template":"","meta":{"footnotes":""},"class_list":["post-15375","page","type-page","status-publish","has-post-thumbnail","hentry","description-off"],"yoast_head":"<!-- This site is optimized with the Yoast SEO plugin v27.4 - https:\/\/yoast.com\/product\/yoast-seo-wordpress\/ -->\n<title>Die Veranstaltungen am Forschungszentrum - ZeMA gGmbH Saarbr\u00fccken<\/title>\n<meta name=\"description\" content=\"Erhalte einen Einblicke in die verschiedenen Veranstaltungen des ZeMA gGmbH in Saabr\u00fccken und au\u00dferhalb \u25b6 Erfahren Sie mehr!\" \/>\n<meta name=\"robots\" content=\"index, follow, max-snippet:-1, max-image-preview:large, max-video-preview:-1\" \/>\n<link rel=\"canonical\" href=\"https:\/\/zema.de\/fr\/veranstaltungen\/\" \/>\n<meta property=\"og:locale\" content=\"fr_FR\" \/>\n<meta property=\"og:type\" content=\"article\" \/>\n<meta property=\"og:title\" content=\"Die Veranstaltungen am Forschungszentrum - ZeMA gGmbH Saarbr\u00fccken\" \/>\n<meta property=\"og:description\" content=\"Erhalte einen Einblicke in die verschiedenen Veranstaltungen des ZeMA gGmbH in Saabr\u00fccken und au\u00dferhalb \u25b6 Erfahren Sie mehr!\" \/>\n<meta property=\"og:url\" content=\"https:\/\/zema.de\/fr\/veranstaltungen\/\" \/>\n<meta property=\"og:site_name\" content=\"fl.zema.de\" \/>\n<meta property=\"article:modified_time\" content=\"2026-03-03T08:05:47+00:00\" \/>\n<meta property=\"og:image\" content=\"https:\/\/zema.de\/wp-content\/uploads\/2019\/10\/Panorama01-1024x341.jpg\" \/>\n\t<meta property=\"og:image:width\" content=\"1024\" \/>\n\t<meta property=\"og:image:height\" content=\"341\" \/>\n\t<meta property=\"og:image:type\" content=\"image\/jpeg\" \/>\n<meta name=\"twitter:card\" content=\"summary_large_image\" \/>\n<meta name=\"twitter:label1\" content=\"Dur\u00e9e de lecture estim\u00e9e\" \/>\n\t<meta name=\"twitter:data1\" content=\"1 minute\" \/>\n<script type=\"application\/ld+json\" class=\"yoast-schema-graph\">{\"@context\":\"https:\\\/\\\/schema.org\",\"@graph\":[{\"@type\":\"WebPage\",\"@id\":\"https:\\\/\\\/zema.de\\\/veranstaltungen\\\/\",\"url\":\"https:\\\/\\\/zema.de\\\/veranstaltungen\\\/\",\"name\":\"Die Veranstaltungen am Forschungszentrum - ZeMA gGmbH Saarbr\u00fccken\",\"isPartOf\":{\"@id\":\"https:\\\/\\\/zema.de\\\/#website\"},\"primaryImageOfPage\":{\"@id\":\"https:\\\/\\\/zema.de\\\/veranstaltungen\\\/#primaryimage\"},\"image\":{\"@id\":\"https:\\\/\\\/zema.de\\\/veranstaltungen\\\/#primaryimage\"},\"thumbnailUrl\":\"https:\\\/\\\/zema.de\\\/wp-content\\\/uploads\\\/2019\\\/10\\\/Panorama01.jpg\",\"datePublished\":\"2019-12-02T13:12:05+00:00\",\"dateModified\":\"2026-03-03T08:05:47+00:00\",\"description\":\"Erhalte einen Einblicke in die verschiedenen Veranstaltungen des ZeMA gGmbH in Saabr\u00fccken und au\u00dferhalb \u25b6 Erfahren Sie mehr!\",\"breadcrumb\":{\"@id\":\"https:\\\/\\\/zema.de\\\/veranstaltungen\\\/#breadcrumb\"},\"inLanguage\":\"fr-FR\",\"potentialAction\":[{\"@type\":\"ReadAction\",\"target\":[\"https:\\\/\\\/zema.de\\\/veranstaltungen\\\/\"]}]},{\"@type\":\"ImageObject\",\"inLanguage\":\"fr-FR\",\"@id\":\"https:\\\/\\\/zema.de\\\/veranstaltungen\\\/#primaryimage\",\"url\":\"https:\\\/\\\/zema.de\\\/wp-content\\\/uploads\\\/2019\\\/10\\\/Panorama01.jpg\",\"contentUrl\":\"https:\\\/\\\/zema.de\\\/wp-content\\\/uploads\\\/2019\\\/10\\\/Panorama01.jpg\",\"width\":13100,\"height\":4362,\"caption\":\"Panorama von ZeMA Halle\"},{\"@type\":\"BreadcrumbList\",\"@id\":\"https:\\\/\\\/zema.de\\\/veranstaltungen\\\/#breadcrumb\",\"itemListElement\":[{\"@type\":\"ListItem\",\"position\":1,\"name\":\"Startseite\",\"item\":\"https:\\\/\\\/zema.de\\\/\"},{\"@type\":\"ListItem\",\"position\":2,\"name\":\"Veranstaltungen\"}]},{\"@type\":\"WebSite\",\"@id\":\"https:\\\/\\\/zema.de\\\/#website\",\"url\":\"https:\\\/\\\/zema.de\\\/\",\"name\":\"fl.zema.de\",\"description\":\"Zentrum f\u00fcr Mechatronik und Automatisierungstechnik\",\"potentialAction\":[{\"@type\":\"SearchAction\",\"target\":{\"@type\":\"EntryPoint\",\"urlTemplate\":\"https:\\\/\\\/zema.de\\\/?s={search_term_string}\"},\"query-input\":{\"@type\":\"PropertyValueSpecification\",\"valueRequired\":true,\"valueName\":\"search_term_string\"}}],\"inLanguage\":\"fr-FR\"}]}<\/script>\n<!-- \/ Yoast SEO plugin. -->","yoast_head_json":{"title":"Die Veranstaltungen am Forschungszentrum - ZeMA gGmbH Saarbr\u00fccken","description":"Erhalte einen Einblicke in die verschiedenen Veranstaltungen des ZeMA gGmbH in Saabr\u00fccken und au\u00dferhalb \u25b6 Erfahren Sie mehr!","robots":{"index":"index","follow":"follow","max-snippet":"max-snippet:-1","max-image-preview":"max-image-preview:large","max-video-preview":"max-video-preview:-1"},"canonical":"https:\/\/zema.de\/fr\/veranstaltungen\/","og_locale":"fr_FR","og_type":"article","og_title":"Die Veranstaltungen am Forschungszentrum - ZeMA gGmbH Saarbr\u00fccken","og_description":"Erhalte einen Einblicke in die verschiedenen Veranstaltungen des ZeMA gGmbH in Saabr\u00fccken und au\u00dferhalb \u25b6 Erfahren Sie mehr!","og_url":"https:\/\/zema.de\/fr\/veranstaltungen\/","og_site_name":"fl.zema.de","article_modified_time":"2026-03-03T08:05:47+00:00","og_image":[{"width":1024,"height":341,"url":"https:\/\/zema.de\/wp-content\/uploads\/2019\/10\/Panorama01-1024x341.jpg","type":"image\/jpeg"}],"twitter_card":"summary_large_image","twitter_misc":{"Dur\u00e9e de lecture estim\u00e9e":"1 minute"},"schema":{"@context":"https:\/\/schema.org","@graph":[{"@type":"WebPage","@id":"https:\/\/zema.de\/veranstaltungen\/","url":"https:\/\/zema.de\/veranstaltungen\/","name":"Die Veranstaltungen am Forschungszentrum - ZeMA gGmbH Saarbr\u00fccken","isPartOf":{"@id":"https:\/\/zema.de\/#website"},"primaryImageOfPage":{"@id":"https:\/\/zema.de\/veranstaltungen\/#primaryimage"},"image":{"@id":"https:\/\/zema.de\/veranstaltungen\/#primaryimage"},"thumbnailUrl":"https:\/\/zema.de\/wp-content\/uploads\/2019\/10\/Panorama01.jpg","datePublished":"2019-12-02T13:12:05+00:00","dateModified":"2026-03-03T08:05:47+00:00","description":"Erhalte einen Einblicke in die verschiedenen Veranstaltungen des ZeMA gGmbH in Saabr\u00fccken und au\u00dferhalb \u25b6 Erfahren Sie mehr!","breadcrumb":{"@id":"https:\/\/zema.de\/veranstaltungen\/#breadcrumb"},"inLanguage":"fr-FR","potentialAction":[{"@type":"ReadAction","target":["https:\/\/zema.de\/veranstaltungen\/"]}]},{"@type":"ImageObject","inLanguage":"fr-FR","@id":"https:\/\/zema.de\/veranstaltungen\/#primaryimage","url":"https:\/\/zema.de\/wp-content\/uploads\/2019\/10\/Panorama01.jpg","contentUrl":"https:\/\/zema.de\/wp-content\/uploads\/2019\/10\/Panorama01.jpg","width":13100,"height":4362,"caption":"Panorama von ZeMA Halle"},{"@type":"BreadcrumbList","@id":"https:\/\/zema.de\/veranstaltungen\/#breadcrumb","itemListElement":[{"@type":"ListItem","position":1,"name":"Startseite","item":"https:\/\/zema.de\/"},{"@type":"ListItem","position":2,"name":"Veranstaltungen"}]},{"@type":"WebSite","@id":"https:\/\/zema.de\/#website","url":"https:\/\/zema.de\/","name":"fl.zema.de","description":"Zentrum f\u00fcr Mechatronik und Automatisierungstechnik","potentialAction":[{"@type":"SearchAction","target":{"@type":"EntryPoint","urlTemplate":"https:\/\/zema.de\/?s={search_term_string}"},"query-input":{"@type":"PropertyValueSpecification","valueRequired":true,"valueName":"search_term_string"}}],"inLanguage":"fr-FR"}]}},"_links":{"self":[{"href":"https:\/\/zema.de\/fr\/wp-json\/wp\/v2\/pages\/15375","targetHints":{"allow":["GET"]}}],"collection":[{"href":"https:\/\/zema.de\/fr\/wp-json\/wp\/v2\/pages"}],"about":[{"href":"https:\/\/zema.de\/fr\/wp-json\/wp\/v2\/types\/page"}],"author":[{"embeddable":true,"href":"https:\/\/zema.de\/fr\/wp-json\/wp\/v2\/users\/14"}],"replies":[{"embeddable":true,"href":"https:\/\/zema.de\/fr\/wp-json\/wp\/v2\/comments?post=15375"}],"version-history":[{"count":17,"href":"https:\/\/zema.de\/fr\/wp-json\/wp\/v2\/pages\/15375\/revisions"}],"predecessor-version":[{"id":20210,"href":"https:\/\/zema.de\/fr\/wp-json\/wp\/v2\/pages\/15375\/revisions\/20210"}],"wp:featuredmedia":[{"embeddable":true,"href":"https:\/\/zema.de\/fr\/wp-json\/wp\/v2\/media\/15147"}],"wp:attachment":[{"href":"https:\/\/zema.de\/fr\/wp-json\/wp\/v2\/media?parent=15375"}],"curies":[{"name":"wp","href":"https:\/\/api.w.org\/{rel}","templated":true}]}}