{"id":15957,"date":"2020-05-27T08:32:53","date_gmt":"2020-05-27T06:32:53","guid":{"rendered":"http:\/\/fl.zema.de\/?page_id=15957"},"modified":"2024-07-31T08:16:15","modified_gmt":"2024-07-31T06:16:15","slug":"ausschreibungen","status":"publish","type":"page","link":"https:\/\/zema.de\/fr\/ausschreibungen\/","title":{"rendered":"Appels d'offres et appels d'offres"},"content":{"rendered":"<div class=\"wpb-content-wrapper\"><div class=\"vc_row wpb_row vc_row-fluid vc_custom_1572525886851 vc_row-has-fill\"><div class=\"wpb_column vc_column_container vc_col-sm-12 vc_col-lg-12 vc_col-md-12\"><div class=\"vc_column-inner vc_custom_1476030031960\"><div class=\"wpb_wrapper\"><div id=\"ultimate-heading-745869edc763ed04b\" class=\"uvc-heading ult-adjust-bottom-margin ultimate-heading-745869edc763ed04b uvc-1446 accent-title-color\" data-hspacer=\"no_spacer\"  data-halign=\"center\" style=\"text-align:center\"><div class=\"uvc-heading-spacer no_spacer\" style=\"top\"><\/div><div class=\"uvc-main-heading ult-responsive\"  data-ultimate-target='.uvc-heading.ultimate-heading-745869edc763ed04b h2'  data-responsive-json-new='{\"font-size\":\"desktop:34px;mobile_landscape:22px;mobile:22px;\",\"line-height\":\"desktop:46px;mobile_landscape:32px;mobile:32px;\"}' ><h2 style=\"font-weight:700;color:#ffffff;\">Appels d'offres et appels d'offres<\/h2><\/div><\/div><style type=\"text\/css\" data-type=\"the7_shortcodes-inline-css\">.dt-breadcrumbs-id-00e7ad14fe45716ac790718ece057902 .breadcrumbs {\n  display: inline-block;\n  margin: 0;\n  padding: 2px 12px 2px 12px;\n  border: 1px solid rgba(255,255,255,0.25);\n  border-radius: 0px;\n}\n.dt-breadcrumbs-id-00e7ad14fe45716ac790718ece057902 .breadcrumbs * {\n  font-size: 13px;\n  line-height: 16px;\n  color: #ffffff;\n}<\/style><div class=\"dt-breadcrumbs-shortcode dt-breadcrumbs-id-00e7ad14fe45716ac790718ece057902 align-centre\"><div class=\"assistive-text\">Vous \u00eates ici :<\/div><ol class=\"breadcrumbs text-small\" itemscope itemtype=\"https:\/\/schema.org\/BreadcrumbList\"><li itemprop=\"itemListElement\" itemscope itemtype=\"https:\/\/schema.org\/ListItem\"><a itemprop=\"item\" href=\"https:\/\/zema.de\/fr\/\" title=\"Accueil\"><span itemprop=\"name\">Accueil<\/span><\/a><meta itemprop=\"position\" content=\"1\" \/><\/li><li class=\"current\" itemprop=\"itemListElement\" itemscope itemtype=\"https:\/\/schema.org\/ListItem\"><span itemprop=\"name\">Page<\/span><meta itemprop=\"position\" content=\"2\" \/><\/li><\/ol><\/div><\/div><\/div><\/div><\/div><!-- Row Backgrounds --><div class=\"upb_bg_img\" data-ultimate-bg=\"url(https:\/\/zema.de\/wp-content\/uploads\/2019\/10\/Panorama01.jpg)\" data-image-id=\"id^15147|url^http:\/\/fl.zema.de\/wp-content\/uploads\/2019\/10\/Panorama01.jpg|caption^null|alt^null|title^Panorama01|description^null\" data-ultimate-bg-style=\"vcpb-vz-jquery\" data-bg-img-repeat=\"no-repeat\" data-bg-img-size=\"cover\" data-bg-img-position=\"\" data-parallx_sense=\"30\" data-bg-override=\"ex-full\" data-bg_img_attach=\"scroll\" data-upb-overlay-color=\"rgba(0,0,0,0.5)\" data-upb-bg-animation=\"\" data-fadeout=\"\" data-bg-animation=\"left-animation\" data-bg-animation-type=\"h\" data-animation-repeat=\"repeat\" data-fadeout-percentage=\"30\" data-parallax-content=\"\" data-parallax-content-sense=\"30\" data-row-effect-mobile-disable=\"true\" data-img-parallax-mobile-disable=\"true\" data-rtl=\"false\"  data-custom-vc-row=\"\"  data-vc=\"8.7.2\"  data-is_old_vc=\"\"  data-theme-support=\"\"   data-overlay=\"true\" data-overlay-color=\"rgba(0,0,0,0.5)\" data-overlay-pattern=\"\" data-overlay-pattern-opacity=\"0.25\" data-overlay-pattern-size=\"\" data-overlay-pattern-attachment=\"scroll\"    ><\/div><div class=\"vc_row wpb_row vc_row-fluid\"><div class=\"wpb_column vc_column_container vc_col-sm-12\"><div class=\"vc_column-inner vc_custom_1598864644858\"><div class=\"wpb_wrapper\"><div id=\"ultimate-heading-657269edc763edc45\" class=\"uvc-heading ult-adjust-bottom-margin ultimate-heading-657269edc763edc45 uvc-2776\" data-hspacer=\"no_spacer\"  data-halign=\"left\" style=\"text-align:left\"><div class=\"uvc-heading-spacer no_spacer\" style=\"top\"><\/div><div class=\"uvc-main-heading ult-responsive\"  data-ultimate-target='.uvc-heading.ultimate-heading-657269edc763edc45 h2'  data-responsive-json-new='{\"font-size\":\"desktop:25px;\",\"line-height\":\"\"}' ><h2 style=\"--font-weight:theme;margin-bottom:30px;\">Appels d'offres<\/h2><\/div><\/div>\n\t<div class=\"wpb_text_column wpb_content_element\" >\n\t\t<div class=\"wpb_wrapper\">\n\t\t\t<p>Vous trouverez les appels d'offres actuels sur le portail des march\u00e9s publics <u><a href=\"https:\/\/dtvp.de\/\">DTVP Deutsches Vergabeportal GmbH<\/a><\/u>.<\/p>\n<p>Le portail d'attribution vous permet de rechercher facilement et gratuitement les appels d'offres actuels et de participer aux proc\u00e9dures. Vous avez \u00e9galement la possibilit\u00e9 de consulter les avis de march\u00e9, de t\u00e9l\u00e9charger et de remplir directement les documents de march\u00e9. En vous inscrivant gratuitement, vous ne manquerez aucun changement dans les proc\u00e9dures de passation de march\u00e9s auxquelles vous participez. En outre, des messages peuvent \u00eatre \u00e9chang\u00e9s avec le service de soumission.<\/p>\n<p>Toutes les questions relatives aux attributions doivent \u00eatre pos\u00e9es sur la plateforme d\u2019attribution dans l\u2019attribution respective.<\/p>\n<p>Si vous avez d'autres pr\u00e9occupations ou probl\u00e8mes, vous pouvez contacter l'\u00e9quipe d'attribution par e-mail \u00e0 l'adresse suivante: <a href=\"mailto:vergabe@zema.de\">vergabe@zema.de<\/a> contacter.<\/p>\n\n\t\t<\/div>\n\t<\/div>\n<div class=\"ult-spacer spacer-69edc763ede70\" data-id=\"69edc763ede70\" data-height=\"30\" data-height-mobile=\"30\" data-height-tab=\"30\" data-height-tab-portrait=\"\" data-height-mobile-landscape=\"\" style=\"clear:both;display:block;\"><\/div><\/div><\/div><\/div><\/div><div class=\"vc_row wpb_row vc_row-fluid\"><div class=\"wpb_column vc_column_container vc_col-sm-12\"><div class=\"vc_column-inner vc_custom_1598864657498\"><div class=\"wpb_wrapper\"><div id=\"ultimate-heading-482569edc763ee2e1\" class=\"uvc-heading ult-adjust-bottom-margin ultimate-heading-482569edc763ee2e1 uvc-5173\" data-hspacer=\"no_spacer\"  data-halign=\"left\" style=\"text-align:left\"><div class=\"uvc-heading-spacer no_spacer\" style=\"top\"><\/div><div class=\"uvc-main-heading ult-responsive\"  data-ultimate-target='.uvc-heading.ultimate-heading-482569edc763ee2e1 h2'  data-responsive-json-new='{\"font-size\":\"desktop:25px;\",\"line-height\":\"\"}' ><h2 style=\"--font-weight:theme;margin-bottom:30px;\">Avis de march\u00e9<\/h2><\/div><\/div>\n\t<div class=\"wpb_text_column wpb_content_element\" >\n\t\t<div class=\"wpb_wrapper\">\n\t\t\t<p>Pas d'avis pour le moment.<\/p>\n\n\t\t<\/div>\n\t<\/div>\n<div class=\"ult-spacer spacer-69edc763ee441\" data-id=\"69edc763ee441\" data-height=\"30\" data-height-mobile=\"30\" data-height-tab=\"30\" data-height-tab-portrait=\"\" data-height-mobile-landscape=\"\" style=\"clear:both;display:block;\"><\/div>\n\t<div class=\"wpb_text_column wpb_content_element\" >\n\t\t<div class=\"wpb_wrapper\">\n\t\t\t\n\t\t<\/div>\n\t<\/div>\n<\/div><\/div><\/div><\/div>\n<\/div>","protected":false},"excerpt":{"rendered":"<p>Vous trouverez les appels d'offres actuels sur le portail d'appels d'offres DTVP Deutsches Vergabeportal GmbH. Le portail d'appels d'offres vous permet de rechercher facilement et gratuitement les appels d'offres actuels et de participer aux proc\u00e9dures. Vous avez \u00e9galement la possibilit\u00e9 de consulter les avis de march\u00e9, de t\u00e9l\u00e9charger et de remplir directement les documents de march\u00e9. En vous inscrivant gratuitement, vous ne manquerez aucun changement dans les proc\u00e9dures de passation de march\u00e9s,...<\/p>","protected":false},"author":14,"featured_media":0,"parent":0,"menu_order":20,"comment_status":"closed","ping_status":"closed","template":"","meta":{"footnotes":""},"class_list":["post-15957","page","type-page","status-publish","hentry","description-off"],"yoast_head":"<!-- This site is optimized with the Yoast SEO plugin v27.4 - https:\/\/yoast.com\/product\/yoast-seo-wordpress\/ -->\n<title>Ausschreibungen und Vergaben - ZeMA gGmbH Saarbr\u00fccken<\/title>\n<meta name=\"description\" content=\"Die Ausschreibungen und Vergaben der ZeMA gGmbH in Saarbr\u00fccken sind von entscheidender Bedeutung f\u00fcr die Branchen Montage, Automatisierung und MRK. \u25b6 Erfahren Sie mehr!\" \/>\n<meta name=\"robots\" content=\"index, follow, max-snippet:-1, max-image-preview:large, max-video-preview:-1\" \/>\n<link rel=\"canonical\" href=\"https:\/\/zema.de\/fr\/ausschreibungen\/\" \/>\n<meta property=\"og:locale\" content=\"fr_FR\" \/>\n<meta property=\"og:type\" content=\"article\" \/>\n<meta property=\"og:title\" content=\"Ausschreibungen und Vergaben - ZeMA gGmbH Saarbr\u00fccken\" \/>\n<meta property=\"og:description\" content=\"Die Ausschreibungen und Vergaben der ZeMA gGmbH in Saarbr\u00fccken sind von entscheidender Bedeutung f\u00fcr die Branchen Montage, Automatisierung und MRK. \u25b6 Erfahren Sie mehr!\" \/>\n<meta property=\"og:url\" content=\"https:\/\/zema.de\/fr\/ausschreibungen\/\" \/>\n<meta property=\"og:site_name\" content=\"fl.zema.de\" \/>\n<meta property=\"article:modified_time\" content=\"2024-07-31T06:16:15+00:00\" \/>\n<meta name=\"twitter:card\" content=\"summary_large_image\" \/>\n<meta name=\"twitter:label1\" content=\"Dur\u00e9e de lecture estim\u00e9e\" \/>\n\t<meta name=\"twitter:data1\" content=\"1 minute\" \/>\n<script type=\"application\/ld+json\" class=\"yoast-schema-graph\">{\"@context\":\"https:\\\/\\\/schema.org\",\"@graph\":[{\"@type\":\"WebPage\",\"@id\":\"https:\\\/\\\/zema.de\\\/ausschreibungen\\\/\",\"url\":\"https:\\\/\\\/zema.de\\\/ausschreibungen\\\/\",\"name\":\"Ausschreibungen und Vergaben - ZeMA gGmbH Saarbr\u00fccken\",\"isPartOf\":{\"@id\":\"https:\\\/\\\/zema.de\\\/#website\"},\"datePublished\":\"2020-05-27T06:32:53+00:00\",\"dateModified\":\"2024-07-31T06:16:15+00:00\",\"description\":\"Die Ausschreibungen und Vergaben der ZeMA gGmbH in Saarbr\u00fccken sind von entscheidender Bedeutung f\u00fcr die Branchen Montage, Automatisierung und MRK. \u25b6 Erfahren Sie mehr!\",\"breadcrumb\":{\"@id\":\"https:\\\/\\\/zema.de\\\/ausschreibungen\\\/#breadcrumb\"},\"inLanguage\":\"fr-FR\",\"potentialAction\":[{\"@type\":\"ReadAction\",\"target\":[\"https:\\\/\\\/zema.de\\\/ausschreibungen\\\/\"]}]},{\"@type\":\"BreadcrumbList\",\"@id\":\"https:\\\/\\\/zema.de\\\/ausschreibungen\\\/#breadcrumb\",\"itemListElement\":[{\"@type\":\"ListItem\",\"position\":1,\"name\":\"Startseite\",\"item\":\"https:\\\/\\\/zema.de\\\/\"},{\"@type\":\"ListItem\",\"position\":2,\"name\":\"Ausschreibungen und Vergaben\"}]},{\"@type\":\"WebSite\",\"@id\":\"https:\\\/\\\/zema.de\\\/#website\",\"url\":\"https:\\\/\\\/zema.de\\\/\",\"name\":\"fl.zema.de\",\"description\":\"Zentrum f\u00fcr Mechatronik und Automatisierungstechnik\",\"potentialAction\":[{\"@type\":\"SearchAction\",\"target\":{\"@type\":\"EntryPoint\",\"urlTemplate\":\"https:\\\/\\\/zema.de\\\/?s={search_term_string}\"},\"query-input\":{\"@type\":\"PropertyValueSpecification\",\"valueRequired\":true,\"valueName\":\"search_term_string\"}}],\"inLanguage\":\"fr-FR\"}]}<\/script>\n<!-- \/ Yoast SEO plugin. -->","yoast_head_json":{"title":"Ausschreibungen und Vergaben - ZeMA gGmbH Saarbr\u00fccken","description":"Die Ausschreibungen und Vergaben der ZeMA gGmbH in Saarbr\u00fccken sind von entscheidender Bedeutung f\u00fcr die Branchen Montage, Automatisierung und MRK. \u25b6 Erfahren Sie mehr!","robots":{"index":"index","follow":"follow","max-snippet":"max-snippet:-1","max-image-preview":"max-image-preview:large","max-video-preview":"max-video-preview:-1"},"canonical":"https:\/\/zema.de\/fr\/ausschreibungen\/","og_locale":"fr_FR","og_type":"article","og_title":"Ausschreibungen und Vergaben - ZeMA gGmbH Saarbr\u00fccken","og_description":"Die Ausschreibungen und Vergaben der ZeMA gGmbH in Saarbr\u00fccken sind von entscheidender Bedeutung f\u00fcr die Branchen Montage, Automatisierung und MRK. \u25b6 Erfahren Sie mehr!","og_url":"https:\/\/zema.de\/fr\/ausschreibungen\/","og_site_name":"fl.zema.de","article_modified_time":"2024-07-31T06:16:15+00:00","twitter_card":"summary_large_image","twitter_misc":{"Dur\u00e9e de lecture estim\u00e9e":"1 minute"},"schema":{"@context":"https:\/\/schema.org","@graph":[{"@type":"WebPage","@id":"https:\/\/zema.de\/ausschreibungen\/","url":"https:\/\/zema.de\/ausschreibungen\/","name":"Ausschreibungen und Vergaben - ZeMA gGmbH Saarbr\u00fccken","isPartOf":{"@id":"https:\/\/zema.de\/#website"},"datePublished":"2020-05-27T06:32:53+00:00","dateModified":"2024-07-31T06:16:15+00:00","description":"Die Ausschreibungen und Vergaben der ZeMA gGmbH in Saarbr\u00fccken sind von entscheidender Bedeutung f\u00fcr die Branchen Montage, Automatisierung und MRK. \u25b6 Erfahren Sie mehr!","breadcrumb":{"@id":"https:\/\/zema.de\/ausschreibungen\/#breadcrumb"},"inLanguage":"fr-FR","potentialAction":[{"@type":"ReadAction","target":["https:\/\/zema.de\/ausschreibungen\/"]}]},{"@type":"BreadcrumbList","@id":"https:\/\/zema.de\/ausschreibungen\/#breadcrumb","itemListElement":[{"@type":"ListItem","position":1,"name":"Startseite","item":"https:\/\/zema.de\/"},{"@type":"ListItem","position":2,"name":"Ausschreibungen und Vergaben"}]},{"@type":"WebSite","@id":"https:\/\/zema.de\/#website","url":"https:\/\/zema.de\/","name":"fl.zema.de","description":"Zentrum f\u00fcr Mechatronik und Automatisierungstechnik","potentialAction":[{"@type":"SearchAction","target":{"@type":"EntryPoint","urlTemplate":"https:\/\/zema.de\/?s={search_term_string}"},"query-input":{"@type":"PropertyValueSpecification","valueRequired":true,"valueName":"search_term_string"}}],"inLanguage":"fr-FR"}]}},"_links":{"self":[{"href":"https:\/\/zema.de\/fr\/wp-json\/wp\/v2\/pages\/15957","targetHints":{"allow":["GET"]}}],"collection":[{"href":"https:\/\/zema.de\/fr\/wp-json\/wp\/v2\/pages"}],"about":[{"href":"https:\/\/zema.de\/fr\/wp-json\/wp\/v2\/types\/page"}],"author":[{"embeddable":true,"href":"https:\/\/zema.de\/fr\/wp-json\/wp\/v2\/users\/14"}],"replies":[{"embeddable":true,"href":"https:\/\/zema.de\/fr\/wp-json\/wp\/v2\/comments?post=15957"}],"version-history":[{"count":36,"href":"https:\/\/zema.de\/fr\/wp-json\/wp\/v2\/pages\/15957\/revisions"}],"predecessor-version":[{"id":18648,"href":"https:\/\/zema.de\/fr\/wp-json\/wp\/v2\/pages\/15957\/revisions\/18648"}],"wp:attachment":[{"href":"https:\/\/zema.de\/fr\/wp-json\/wp\/v2\/media?parent=15957"}],"curies":[{"name":"wp","href":"https:\/\/api.w.org\/{rel}","templated":true}]}}