{"id":18228,"date":"2023-09-11T14:58:55","date_gmt":"2023-09-11T12:58:55","guid":{"rendered":"https:\/\/zema.de\/?page_id=18228"},"modified":"2024-04-22T10:50:08","modified_gmt":"2024-04-22T08:50:08","slug":"meldesystem","status":"publish","type":"page","link":"https:\/\/zema.de\/fr\/meldesystem\/","title":{"rendered":"Syst\u00e8me de d\u00e9claration"},"content":{"rendered":"<div class=\"wpb-content-wrapper\"><div class=\"vc_row wpb_row vc_row-fluid vc_custom_1572525886851 vc_row-has-fill\"><div class=\"wpb_column vc_column_container vc_col-sm-12 vc_col-lg-12 vc_col-md-12\"><div class=\"vc_column-inner vc_custom_1476030031960\"><div class=\"wpb_wrapper\"><div id=\"ultimate-heading-606469eb9462c1def\" class=\"uvc-heading ult-adjust-bottom-margin ultimate-heading-606469eb9462c1def uvc-3386 accent-title-color\" data-hspacer=\"no_spacer\"  data-halign=\"center\" style=\"text-align:center\"><div class=\"uvc-heading-spacer no_spacer\" style=\"top\"><\/div><div class=\"uvc-main-heading ult-responsive\"  data-ultimate-target='.uvc-heading.ultimate-heading-606469eb9462c1def h2'  data-responsive-json-new='{\"font-size\":\"desktop:34px;mobile_landscape:22px;mobile:22px;\",\"line-height\":\"desktop:46px;mobile_landscape:32px;mobile:32px;\"}' ><h2 style=\"font-weight:700;color:#ffffff;\">Syst\u00e8me de signalement selon la loi sur la protection des lanceurs d'alerte (HinSchG)<\/h2><\/div><\/div><style type=\"text\/css\" data-type=\"the7_shortcodes-inline-css\">.dt-breadcrumbs-id-00e7ad14fe45716ac790718ece057902 .breadcrumbs {\n  display: inline-block;\n  margin: 0;\n  padding: 2px 12px 2px 12px;\n  border: 1px solid rgba(255,255,255,0.25);\n  border-radius: 0px;\n}\n.dt-breadcrumbs-id-00e7ad14fe45716ac790718ece057902 .breadcrumbs * {\n  font-size: 13px;\n  line-height: 16px;\n  color: #ffffff;\n}<\/style><div class=\"dt-breadcrumbs-shortcode dt-breadcrumbs-id-00e7ad14fe45716ac790718ece057902 align-centre\"><div class=\"assistive-text\">Vous \u00eates ici :<\/div><ol class=\"breadcrumbs text-small\" itemscope itemtype=\"https:\/\/schema.org\/BreadcrumbList\"><li itemprop=\"itemListElement\" itemscope itemtype=\"https:\/\/schema.org\/ListItem\"><a itemprop=\"item\" href=\"https:\/\/zema.de\/fr\/\" title=\"Accueil\"><span itemprop=\"name\">Accueil<\/span><\/a><meta itemprop=\"position\" content=\"1\" \/><\/li><li class=\"current\" itemprop=\"itemListElement\" itemscope itemtype=\"https:\/\/schema.org\/ListItem\"><span itemprop=\"name\">Page<\/span><meta itemprop=\"position\" content=\"2\" \/><\/li><\/ol><\/div><\/div><\/div><\/div><\/div><!-- Row Backgrounds --><div class=\"upb_bg_img\" data-ultimate-bg=\"url(https:\/\/zema.de\/wp-content\/uploads\/2019\/10\/Panorama01.jpg)\" data-image-id=\"id^15147|url^http:\/\/fl.zema.de\/wp-content\/uploads\/2019\/10\/Panorama01.jpg|caption^null|alt^null|title^Panorama01|description^null\" data-ultimate-bg-style=\"vcpb-vz-jquery\" data-bg-img-repeat=\"no-repeat\" data-bg-img-size=\"cover\" data-bg-img-position=\"\" data-parallx_sense=\"30\" data-bg-override=\"ex-full\" data-bg_img_attach=\"scroll\" data-upb-overlay-color=\"rgba(0,0,0,0.5)\" data-upb-bg-animation=\"\" data-fadeout=\"\" data-bg-animation=\"left-animation\" data-bg-animation-type=\"h\" data-animation-repeat=\"repeat\" data-fadeout-percentage=\"30\" data-parallax-content=\"\" data-parallax-content-sense=\"30\" data-row-effect-mobile-disable=\"true\" data-img-parallax-mobile-disable=\"true\" data-rtl=\"false\"  data-custom-vc-row=\"\"  data-vc=\"8.7.2\"  data-is_old_vc=\"\"  data-theme-support=\"\"   data-overlay=\"true\" data-overlay-color=\"rgba(0,0,0,0.5)\" data-overlay-pattern=\"\" data-overlay-pattern-opacity=\"0.25\" data-overlay-pattern-size=\"\" data-overlay-pattern-attachment=\"scroll\"    ><\/div><div class=\"vc_row wpb_row vc_row-fluid\"><div class=\"wpb_column vc_column_container vc_col-sm-12\"><div class=\"vc_column-inner vc_custom_1598864644858\"><div class=\"wpb_wrapper\"><div id=\"ultimate-heading-22369eb9462c2983\" class=\"uvc-heading ult-adjust-bottom-margin ultimate-heading-22369eb9462c2983 uvc-966\" data-hspacer=\"no_spacer\"  data-halign=\"left\" style=\"text-align:left\"><div class=\"uvc-heading-spacer no_spacer\" style=\"top\"><\/div><\/div>\n\t<div class=\"wpb_text_column wpb_content_element\" >\n\t\t<div class=\"wpb_wrapper\">\n\t\t\t<p style=\"text-align: justify;\"><strong>Qu\u2019est-ce que la loi sur la protection des lanceurs d\u2019alerte?<\/strong><\/p>\n<p style=\"text-align: justify;\">La loi sur la protection des lanceurs d\u2019alerte est un cadre juridique mis en place en Allemagne pour prot\u00e9ger les lanceurs d\u2019alerte et les lanceurs d\u2019alerte qui signalent des abus dans des entreprises ou des institutions publiques. Il encourage les employ\u00e9s et les autres parties prenantes \u00e0 signaler les cas suspects de violation des lois, r\u00e9glementations ou directives \u00e9thiques au sein de leur organisation, sans crainte de repr\u00e9sailles.<\/p>\n<p style=\"text-align: justify;\"><strong>Pourquoi un syst\u00e8me de signalement?<\/strong><\/p>\n<p style=\"text-align: justify;\">Notre syst\u00e8me de signalement permet aux employ\u00e9s, aux fournisseurs, aux clients et aux autres parties prenantes de signaler les violations potentielles des lois, des r\u00e9glementations ou de nos politiques internes sans crainte de repr\u00e9sailles ou de discrimination. Ces notifications peuvent \u00eatre effectu\u00e9es de diverses mani\u00e8res, y compris anonymement, via une plateforme s\u00e9curis\u00e9e.<\/p>\n<p style=\"text-align: justify;\">Pour la mise en \u0153uvre du syst\u00e8me d\u2019alerte, nous utilisons le produit \u00abMeldePoint\u00bb de deDATA GmbH. Avec le point d\u2019alerte, vous disposez d\u2019un portail sur lequel vous pouvez transmettre de mani\u00e8re confidentielle des informations sur des fautes ou des violations du droit.<\/p>\n<p>&nbsp;<\/p>\n<p><img loading=\"lazy\" decoding=\"async\" class=\"alignnone size-full wp-image-18244\" src=\"https:\/\/zema.de\/wp-content\/uploads\/2023\/09\/Meldestelle-\u2013-Ablauforganisation-1.png\" alt=\"\" width=\"1589\" height=\"820\" srcset=\"https:\/\/zema.de\/wp-content\/uploads\/2023\/09\/Meldestelle-\u2013-Ablauforganisation-1.png 1589w, https:\/\/zema.de\/wp-content\/uploads\/2023\/09\/Meldestelle-\u2013-Ablauforganisation-1-300x155.png 300w, https:\/\/zema.de\/wp-content\/uploads\/2023\/09\/Meldestelle-\u2013-Ablauforganisation-1-1024x528.png 1024w, https:\/\/zema.de\/wp-content\/uploads\/2023\/09\/Meldestelle-\u2013-Ablauforganisation-1-768x396.png 768w, https:\/\/zema.de\/wp-content\/uploads\/2023\/09\/Meldestelle-\u2013-Ablauforganisation-1-1536x793.png 1536w\" sizes=\"auto, (max-width: 1589px) 100vw, 1589px\" \/><\/p>\n<p style=\"text-align: justify;\">En cliquant sur le bouton, vous acc\u00e9dez au syst\u00e8me de notification. Vous pouvez \u00e9galement scanner le code QR.<\/p>\n\n\t\t<\/div>\n\t<\/div>\n<div class=\"ult-spacer spacer-69eb9462c2baf\" data-id=\"69eb9462c2baf\" data-height=\"30\" data-height-mobile=\"30\" data-height-tab=\"30\" data-height-tab-portrait=\"\" data-height-mobile-landscape=\"\" style=\"clear:both;display:block;\"><\/div><\/div><\/div><\/div><\/div><div class=\"vc_row wpb_row vc_row-fluid\"><div class=\"wpb_column vc_column_container vc_col-sm-12\"><div class=\"vc_column-inner vc_custom_1598864657498\"><div class=\"wpb_wrapper\"><div id=\"ultimate-heading-332569eb9462c303e\" class=\"uvc-heading ult-adjust-bottom-margin ultimate-heading-332569eb9462c303e uvc-312\" data-hspacer=\"no_spacer\"  data-halign=\"left\" style=\"text-align:left\"><div class=\"uvc-heading-spacer no_spacer\" style=\"top\"><\/div><\/div>\n\t<div class=\"wpb_text_column wpb_content_element\" >\n\t\t<div class=\"wpb_wrapper\">\n\t\t\t<p><a href=\"https:\/\/meldepunkt.de\/\"><img loading=\"lazy\" decoding=\"async\" class=\"wp-image-18227 size-full aligncenter\" src=\"https:\/\/zema.de\/wp-content\/uploads\/2023\/09\/button-meldepunkt-mit-Schrift-300x150-1.png\" alt=\"\" width=\"300\" height=\"150\" \/><\/a><\/p>\n<p>&nbsp;<\/p>\n<p><img loading=\"lazy\" decoding=\"async\" class=\"size-medium wp-image-18230 aligncenter\" src=\"https:\/\/zema.de\/wp-content\/uploads\/2023\/09\/qr-meldepunkt.de_-300x300.png\" alt=\"\" width=\"300\" height=\"300\" srcset=\"https:\/\/zema.de\/wp-content\/uploads\/2023\/09\/qr-meldepunkt.de_-300x300.png 300w, https:\/\/zema.de\/wp-content\/uploads\/2023\/09\/qr-meldepunkt.de_-150x150.png 150w, https:\/\/zema.de\/wp-content\/uploads\/2023\/09\/qr-meldepunkt.de_-768x768.png 768w, https:\/\/zema.de\/wp-content\/uploads\/2023\/09\/qr-meldepunkt.de_.png 800w\" sizes=\"auto, (max-width: 300px) 100vw, 300px\" \/><\/p>\n\n\t\t<\/div>\n\t<\/div>\n<div class=\"ult-spacer spacer-69eb9462c3189\" data-id=\"69eb9462c3189\" data-height=\"30\" data-height-mobile=\"30\" data-height-tab=\"30\" data-height-tab-portrait=\"\" data-height-mobile-landscape=\"\" style=\"clear:both;display:block;\"><\/div>\n\t<div class=\"wpb_text_column wpb_content_element\" >\n\t\t<div class=\"wpb_wrapper\">\n\t\t\t\n\t\t<\/div>\n\t<\/div>\n<\/div><\/div><\/div><\/div>\n<\/div>","protected":false},"excerpt":{"rendered":"<p>Syst\u00e8me de signalement selon la loi sur la protection des lanceurs d'alerte (HinSchG) Qu'est-ce que la loi sur la protection des lanceurs d'alerte? La loi sur la protection des lanceurs d\u2019alerte est un cadre juridique mis en place en Allemagne pour prot\u00e9ger les lanceurs d\u2019alerte et les lanceurs d\u2019alerte qui signalent des abus dans des entreprises ou des institutions publiques. Il encourage les employ\u00e9s et les autres parties prenantes \u00e0 signaler les cas suspects de violation des lois, des r\u00e8glements ou des directives \u00e9thiques au sein de leur organisation, sans crainte...<\/p>","protected":false},"author":21,"featured_media":0,"parent":0,"menu_order":20,"comment_status":"closed","ping_status":"closed","template":"","meta":{"footnotes":""},"class_list":["post-18228","page","type-page","status-publish","hentry","description-off"],"yoast_head":"<!-- This site is optimized with the Yoast SEO plugin v27.4 - https:\/\/yoast.com\/product\/yoast-seo-wordpress\/ -->\n<title>Meldesystem nach dem Hinweisgeberschutzgesetz - ZeMA gGmbH Saarbr\u00fccken<\/title>\n<meta name=\"description\" content=\"Das Meldesystem nach dem Hinweisgeberschutzgesetz des ZeMA gGmbH in Saarbr\u00fccken. \u25b6 Erfahren Sie mehr!\" \/>\n<meta name=\"robots\" content=\"index, follow, max-snippet:-1, max-image-preview:large, max-video-preview:-1\" \/>\n<link rel=\"canonical\" href=\"https:\/\/zema.de\/fr\/meldesystem\/\" \/>\n<meta property=\"og:locale\" content=\"fr_FR\" \/>\n<meta property=\"og:type\" content=\"article\" \/>\n<meta property=\"og:title\" content=\"Meldesystem nach dem Hinweisgeberschutzgesetz - ZeMA gGmbH Saarbr\u00fccken\" \/>\n<meta property=\"og:description\" content=\"Das Meldesystem nach dem Hinweisgeberschutzgesetz des ZeMA gGmbH in Saarbr\u00fccken. \u25b6 Erfahren Sie mehr!\" \/>\n<meta property=\"og:url\" content=\"https:\/\/zema.de\/fr\/meldesystem\/\" \/>\n<meta property=\"og:site_name\" content=\"fl.zema.de\" \/>\n<meta property=\"article:modified_time\" content=\"2024-04-22T08:50:08+00:00\" \/>\n<meta property=\"og:image\" content=\"https:\/\/zema.de\/wp-content\/uploads\/2023\/09\/button-meldepunkt-mit-Schrift-300x150-1.png\" \/>\n<meta name=\"twitter:card\" content=\"summary_large_image\" \/>\n<meta name=\"twitter:label1\" content=\"Dur\u00e9e de lecture estim\u00e9e\" \/>\n\t<meta name=\"twitter:data1\" content=\"2 minutes\" \/>\n<script type=\"application\/ld+json\" class=\"yoast-schema-graph\">{\"@context\":\"https:\\\/\\\/schema.org\",\"@graph\":[{\"@type\":\"WebPage\",\"@id\":\"https:\\\/\\\/zema.de\\\/meldesystem\\\/\",\"url\":\"https:\\\/\\\/zema.de\\\/meldesystem\\\/\",\"name\":\"Meldesystem nach dem Hinweisgeberschutzgesetz - ZeMA gGmbH Saarbr\u00fccken\",\"isPartOf\":{\"@id\":\"https:\\\/\\\/zema.de\\\/#website\"},\"primaryImageOfPage\":{\"@id\":\"https:\\\/\\\/zema.de\\\/meldesystem\\\/#primaryimage\"},\"image\":{\"@id\":\"https:\\\/\\\/zema.de\\\/meldesystem\\\/#primaryimage\"},\"thumbnailUrl\":\"https:\\\/\\\/zema.de\\\/wp-content\\\/uploads\\\/2023\\\/09\\\/button-meldepunkt-mit-Schrift-300x150-1.png\",\"datePublished\":\"2023-09-11T12:58:55+00:00\",\"dateModified\":\"2024-04-22T08:50:08+00:00\",\"description\":\"Das Meldesystem nach dem Hinweisgeberschutzgesetz des ZeMA gGmbH in Saarbr\u00fccken. \u25b6 Erfahren Sie mehr!\",\"breadcrumb\":{\"@id\":\"https:\\\/\\\/zema.de\\\/meldesystem\\\/#breadcrumb\"},\"inLanguage\":\"fr-FR\",\"potentialAction\":[{\"@type\":\"ReadAction\",\"target\":[\"https:\\\/\\\/zema.de\\\/meldesystem\\\/\"]}]},{\"@type\":\"ImageObject\",\"inLanguage\":\"fr-FR\",\"@id\":\"https:\\\/\\\/zema.de\\\/meldesystem\\\/#primaryimage\",\"url\":\"https:\\\/\\\/zema.de\\\/wp-content\\\/uploads\\\/2023\\\/09\\\/button-meldepunkt-mit-Schrift-300x150-1.png\",\"contentUrl\":\"https:\\\/\\\/zema.de\\\/wp-content\\\/uploads\\\/2023\\\/09\\\/button-meldepunkt-mit-Schrift-300x150-1.png\"},{\"@type\":\"BreadcrumbList\",\"@id\":\"https:\\\/\\\/zema.de\\\/meldesystem\\\/#breadcrumb\",\"itemListElement\":[{\"@type\":\"ListItem\",\"position\":1,\"name\":\"Startseite\",\"item\":\"https:\\\/\\\/zema.de\\\/\"},{\"@type\":\"ListItem\",\"position\":2,\"name\":\"Meldesystem\"}]},{\"@type\":\"WebSite\",\"@id\":\"https:\\\/\\\/zema.de\\\/#website\",\"url\":\"https:\\\/\\\/zema.de\\\/\",\"name\":\"fl.zema.de\",\"description\":\"Zentrum f\u00fcr Mechatronik und Automatisierungstechnik\",\"potentialAction\":[{\"@type\":\"SearchAction\",\"target\":{\"@type\":\"EntryPoint\",\"urlTemplate\":\"https:\\\/\\\/zema.de\\\/?s={search_term_string}\"},\"query-input\":{\"@type\":\"PropertyValueSpecification\",\"valueRequired\":true,\"valueName\":\"search_term_string\"}}],\"inLanguage\":\"fr-FR\"}]}<\/script>\n<!-- \/ Yoast SEO plugin. -->","yoast_head_json":{"title":"Meldesystem nach dem Hinweisgeberschutzgesetz - ZeMA gGmbH Saarbr\u00fccken","description":"Das Meldesystem nach dem Hinweisgeberschutzgesetz des ZeMA gGmbH in Saarbr\u00fccken. \u25b6 Erfahren Sie mehr!","robots":{"index":"index","follow":"follow","max-snippet":"max-snippet:-1","max-image-preview":"max-image-preview:large","max-video-preview":"max-video-preview:-1"},"canonical":"https:\/\/zema.de\/fr\/meldesystem\/","og_locale":"fr_FR","og_type":"article","og_title":"Meldesystem nach dem Hinweisgeberschutzgesetz - ZeMA gGmbH Saarbr\u00fccken","og_description":"Das Meldesystem nach dem Hinweisgeberschutzgesetz des ZeMA gGmbH in Saarbr\u00fccken. \u25b6 Erfahren Sie mehr!","og_url":"https:\/\/zema.de\/fr\/meldesystem\/","og_site_name":"fl.zema.de","article_modified_time":"2024-04-22T08:50:08+00:00","og_image":[{"url":"https:\/\/zema.de\/wp-content\/uploads\/2023\/09\/button-meldepunkt-mit-Schrift-300x150-1.png","type":"","width":"","height":""}],"twitter_card":"summary_large_image","twitter_misc":{"Dur\u00e9e de lecture estim\u00e9e":"2 minutes"},"schema":{"@context":"https:\/\/schema.org","@graph":[{"@type":"WebPage","@id":"https:\/\/zema.de\/meldesystem\/","url":"https:\/\/zema.de\/meldesystem\/","name":"Meldesystem nach dem Hinweisgeberschutzgesetz - ZeMA gGmbH Saarbr\u00fccken","isPartOf":{"@id":"https:\/\/zema.de\/#website"},"primaryImageOfPage":{"@id":"https:\/\/zema.de\/meldesystem\/#primaryimage"},"image":{"@id":"https:\/\/zema.de\/meldesystem\/#primaryimage"},"thumbnailUrl":"https:\/\/zema.de\/wp-content\/uploads\/2023\/09\/button-meldepunkt-mit-Schrift-300x150-1.png","datePublished":"2023-09-11T12:58:55+00:00","dateModified":"2024-04-22T08:50:08+00:00","description":"Das Meldesystem nach dem Hinweisgeberschutzgesetz des ZeMA gGmbH in Saarbr\u00fccken. \u25b6 Erfahren Sie mehr!","breadcrumb":{"@id":"https:\/\/zema.de\/meldesystem\/#breadcrumb"},"inLanguage":"fr-FR","potentialAction":[{"@type":"ReadAction","target":["https:\/\/zema.de\/meldesystem\/"]}]},{"@type":"ImageObject","inLanguage":"fr-FR","@id":"https:\/\/zema.de\/meldesystem\/#primaryimage","url":"https:\/\/zema.de\/wp-content\/uploads\/2023\/09\/button-meldepunkt-mit-Schrift-300x150-1.png","contentUrl":"https:\/\/zema.de\/wp-content\/uploads\/2023\/09\/button-meldepunkt-mit-Schrift-300x150-1.png"},{"@type":"BreadcrumbList","@id":"https:\/\/zema.de\/meldesystem\/#breadcrumb","itemListElement":[{"@type":"ListItem","position":1,"name":"Startseite","item":"https:\/\/zema.de\/"},{"@type":"ListItem","position":2,"name":"Meldesystem"}]},{"@type":"WebSite","@id":"https:\/\/zema.de\/#website","url":"https:\/\/zema.de\/","name":"fl.zema.de","description":"Zentrum f\u00fcr Mechatronik und Automatisierungstechnik","potentialAction":[{"@type":"SearchAction","target":{"@type":"EntryPoint","urlTemplate":"https:\/\/zema.de\/?s={search_term_string}"},"query-input":{"@type":"PropertyValueSpecification","valueRequired":true,"valueName":"search_term_string"}}],"inLanguage":"fr-FR"}]}},"_links":{"self":[{"href":"https:\/\/zema.de\/fr\/wp-json\/wp\/v2\/pages\/18228","targetHints":{"allow":["GET"]}}],"collection":[{"href":"https:\/\/zema.de\/fr\/wp-json\/wp\/v2\/pages"}],"about":[{"href":"https:\/\/zema.de\/fr\/wp-json\/wp\/v2\/types\/page"}],"author":[{"embeddable":true,"href":"https:\/\/zema.de\/fr\/wp-json\/wp\/v2\/users\/21"}],"replies":[{"embeddable":true,"href":"https:\/\/zema.de\/fr\/wp-json\/wp\/v2\/comments?post=18228"}],"version-history":[{"count":15,"href":"https:\/\/zema.de\/fr\/wp-json\/wp\/v2\/pages\/18228\/revisions"}],"predecessor-version":[{"id":18556,"href":"https:\/\/zema.de\/fr\/wp-json\/wp\/v2\/pages\/18228\/revisions\/18556"}],"wp:attachment":[{"href":"https:\/\/zema.de\/fr\/wp-json\/wp\/v2\/media?parent=18228"}],"curies":[{"name":"wp","href":"https:\/\/api.w.org\/{rel}","templated":true}]}}