{"id":18252,"date":"2023-09-11T13:56:20","date_gmt":"2023-09-11T11:56:20","guid":{"rendered":"https:\/\/zema.de\/?page_id=18252"},"modified":"2025-02-05T10:50:46","modified_gmt":"2025-02-05T09:50:46","slug":"zertifizierungen","status":"publish","type":"page","link":"https:\/\/zema.de\/fr\/zertifizierungen\/","title":{"rendered":"certifications"},"content":{"rendered":"<div class=\"wpb-content-wrapper\"><div class=\"vc_row wpb_row vc_row-fluid vc_custom_1572525886851 vc_row-has-fill\"><div class=\"wpb_column vc_column_container vc_col-sm-12 vc_col-lg-12 vc_col-md-12\"><div class=\"vc_column-inner vc_custom_1476030031960\"><div class=\"wpb_wrapper\"><div id=\"ultimate-heading-109369eb93bf0afe5\" class=\"uvc-heading ult-adjust-bottom-margin ultimate-heading-109369eb93bf0afe5 uvc-2100 accent-title-color\" data-hspacer=\"no_spacer\"  data-halign=\"center\" style=\"text-align:center\"><div class=\"uvc-heading-spacer no_spacer\" style=\"top\"><\/div><div class=\"uvc-main-heading ult-responsive\"  data-ultimate-target='.uvc-heading.ultimate-heading-109369eb93bf0afe5 h2'  data-responsive-json-new='{\"font-size\":\"desktop:34px;mobile_landscape:22px;mobile:22px;\",\"line-height\":\"desktop:46px;mobile_landscape:32px;mobile:32px;\"}' ><h2 style=\"font-weight:700;color:#ffffff;\">certifications<\/h2><\/div><\/div><style type=\"text\/css\" data-type=\"the7_shortcodes-inline-css\">.dt-breadcrumbs-id-00e7ad14fe45716ac790718ece057902 .breadcrumbs {\n  display: inline-block;\n  margin: 0;\n  padding: 2px 12px 2px 12px;\n  border: 1px solid rgba(255,255,255,0.25);\n  border-radius: 0px;\n}\n.dt-breadcrumbs-id-00e7ad14fe45716ac790718ece057902 .breadcrumbs * {\n  font-size: 13px;\n  line-height: 16px;\n  color: #ffffff;\n}<\/style><div class=\"dt-breadcrumbs-shortcode dt-breadcrumbs-id-00e7ad14fe45716ac790718ece057902 align-centre\"><div class=\"assistive-text\">Vous \u00eates ici :<\/div><ol class=\"breadcrumbs text-small\" itemscope itemtype=\"https:\/\/schema.org\/BreadcrumbList\"><li itemprop=\"itemListElement\" itemscope itemtype=\"https:\/\/schema.org\/ListItem\"><a itemprop=\"item\" href=\"https:\/\/zema.de\/fr\/\" title=\"Accueil\"><span itemprop=\"name\">Accueil<\/span><\/a><meta itemprop=\"position\" content=\"1\" \/><\/li><li class=\"current\" itemprop=\"itemListElement\" itemscope itemtype=\"https:\/\/schema.org\/ListItem\"><span itemprop=\"name\">Page<\/span><meta itemprop=\"position\" content=\"2\" \/><\/li><\/ol><\/div><\/div><\/div><\/div><\/div><!-- Row Backgrounds --><div class=\"upb_bg_img\" data-ultimate-bg=\"url(https:\/\/zema.de\/wp-content\/uploads\/2019\/10\/Panorama01.jpg)\" data-image-id=\"id^15147|url^http:\/\/fl.zema.de\/wp-content\/uploads\/2019\/10\/Panorama01.jpg|caption^null|alt^null|title^Panorama01|description^null\" data-ultimate-bg-style=\"vcpb-vz-jquery\" data-bg-img-repeat=\"no-repeat\" data-bg-img-size=\"cover\" data-bg-img-position=\"\" data-parallx_sense=\"30\" data-bg-override=\"ex-full\" data-bg_img_attach=\"scroll\" data-upb-overlay-color=\"rgba(0,0,0,0.5)\" data-upb-bg-animation=\"\" data-fadeout=\"\" data-bg-animation=\"left-animation\" data-bg-animation-type=\"h\" data-animation-repeat=\"repeat\" data-fadeout-percentage=\"30\" data-parallax-content=\"\" data-parallax-content-sense=\"30\" data-row-effect-mobile-disable=\"true\" data-img-parallax-mobile-disable=\"true\" data-rtl=\"false\"  data-custom-vc-row=\"\"  data-vc=\"8.7.2\"  data-is_old_vc=\"\"  data-theme-support=\"\"   data-overlay=\"true\" data-overlay-color=\"rgba(0,0,0,0.5)\" data-overlay-pattern=\"\" data-overlay-pattern-opacity=\"0.25\" data-overlay-pattern-size=\"\" data-overlay-pattern-attachment=\"scroll\"    ><\/div><div class=\"vc_row wpb_row vc_row-fluid\"><div class=\"wpb_column vc_column_container vc_col-sm-12\"><div class=\"vc_column-inner vc_custom_1598864644858\"><div class=\"wpb_wrapper\"><div id=\"ultimate-heading-526169eb93bf0bceb\" class=\"uvc-heading ult-adjust-bottom-margin ultimate-heading-526169eb93bf0bceb uvc-4963\" data-hspacer=\"no_spacer\"  data-halign=\"left\" style=\"text-align:left\"><div class=\"uvc-heading-spacer no_spacer\" style=\"top\"><\/div><\/div>\n\t<div class=\"wpb_text_column wpb_content_element\" >\n\t\t<div class=\"wpb_wrapper\">\n\t\t\t<h3><strong>Nos certifications<\/strong><\/h3>\n<p>ZeMA \u2013 Zentrum f\u00fcr Mechatronik und Automationstechnik gGmbH est actuellement certifi\u00e9e ISO 9001:2015. Notre syst\u00e8me de gestion actuel \u00e9volue vers un syst\u00e8me int\u00e9gr\u00e9 qui englobe les domaines de la qualit\u00e9, de la sant\u00e9 et de la s\u00e9curit\u00e9 au travail et de la protection de l'environnement.<\/p>\n\n\t\t<\/div>\n\t<\/div>\n<div class=\"ult-spacer spacer-69eb93bf0bf2b\" data-id=\"69eb93bf0bf2b\" data-height=\"30\" data-height-mobile=\"30\" data-height-tab=\"30\" data-height-tab-portrait=\"\" data-height-mobile-landscape=\"\" style=\"clear:both;display:block;\"><\/div>\n\t<div class=\"wpb_text_column wpb_content_element\" >\n\t\t<div class=\"wpb_wrapper\">\n\t\t\t<p><img loading=\"lazy\" decoding=\"async\" class=\"alignleft wp-image-18597\" src=\"https:\/\/zema.de\/wp-content\/uploads\/2024\/06\/DIN-EN-ISO-9001_de_regular-RGB.jpg\" alt=\"\" width=\"200\" height=\"200\" srcset=\"https:\/\/zema.de\/wp-content\/uploads\/2024\/06\/DIN-EN-ISO-9001_de_regular-RGB.jpg 1002w, https:\/\/zema.de\/wp-content\/uploads\/2024\/06\/DIN-EN-ISO-9001_de_regular-RGB-300x300.jpg 300w, https:\/\/zema.de\/wp-content\/uploads\/2024\/06\/DIN-EN-ISO-9001_de_regular-RGB-150x150.jpg 150w, https:\/\/zema.de\/wp-content\/uploads\/2024\/06\/DIN-EN-ISO-9001_de_regular-RGB-768x768.jpg 768w\" sizes=\"auto, (max-width: 200px) 100vw, 200px\" \/><\/p>\n<p>&nbsp;<\/p>\n<p>&nbsp;<\/p>\n<p>&nbsp;<\/p>\n<p><a href=\"https:\/\/zema.de\/fr\/zema-zertifikat-din-en-iso-9001_2015-deutsch\/\">Certificat DIN EN ISO 9001:2015 (allemand)<\/a><\/p>\n\n\t\t<\/div>\n\t<\/div>\n<div class=\"ult-spacer spacer-69eb93bf0c063\" data-id=\"69eb93bf0c063\" data-height=\"30\" data-height-mobile=\"30\" data-height-tab=\"30\" data-height-tab-portrait=\"30\" data-height-mobile-landscape=\"30\" style=\"clear:both;display:block;\"><\/div>\n\t<div class=\"wpb_text_column wpb_content_element\" >\n\t\t<div class=\"wpb_wrapper\">\n\t\t\t<p style=\"text-align: justify;\">Si vous avez des questions, des suggestions ou des commentaires sur notre gestion de la qualit\u00e9, n'h\u00e9sitez pas \u00e0 nous contacter. Notre \u00e9quipe se tient \u00e0 votre disposition pour discuter de vos pr\u00e9occupations et trouver des solutions. Nous sommes impatients de vous entendre et de travailler ensemble \u00e0 l'am\u00e9lioration continue de nos services.<br \/>\nPour contacter notre \u00e9quipe de gestion de la qualit\u00e9, envoyez-nous un e-mail \u00e0 <a href=\"mailto:qm@zema.de\">qm@zema.de<\/a>. Nous vous contacterons dans les plus brefs d\u00e9lais.<\/p>\n\n\t\t<\/div>\n\t<\/div>\n<div class=\"ult-spacer spacer-69eb93bf0c17a\" data-id=\"69eb93bf0c17a\" data-height=\"30\" data-height-mobile=\"30\" data-height-tab=\"30\" data-height-tab-portrait=\"\" data-height-mobile-landscape=\"\" style=\"clear:both;display:block;\"><\/div>\n\t<div class=\"wpb_text_column wpb_content_element\" >\n\t\t<div class=\"wpb_wrapper\">\n\t\t\t<h3 style=\"text-align: justify;\"><strong>Notre politique de qualit\u00e9<\/strong><\/h3>\n<p style=\"text-align: justify;\"><strong>Nous<\/strong> combler une lacune dans l'\u00e9ventail scientifique: La recherche et le d\u00e9veloppement ax\u00e9s sur les applications font d\u00e9faut. Nous sommes une plate-forme pour les d\u00e9veloppements innovants dans la r\u00e9gion et contribuons en particulier \u00e0 assurer une formation approfondie de la rel\u00e8ve en ing\u00e9nierie. La promotion du transfert de connaissances et de technologies par le biais de la coop\u00e9ration avec l'industrie fait partie int\u00e9grante de notre travail et contribue \u00e0 soutenir les changements structurels.<\/p>\n<p style=\"text-align: justify;\"><strong>Nous<\/strong> Tous sont responsables de la qualit\u00e9 de notre travail. Nous atteignons nos objectifs communs dans le cadre d'une bonne collaboration en tant que collaborateurs motiv\u00e9s, engag\u00e9s, qualifi\u00e9s et apprenants. Cela inclut express\u00e9ment nos institutions partenaires estim\u00e9es (Universit\u00e9 de la Sarre et Haute \u00e9cole de technologie et d'\u00e9conomie de la Sarre) ainsi que nos partenaires de coop\u00e9ration industrielle et scientifique.<\/p>\n<p style=\"text-align: justify;\"><strong>Nous<\/strong> placent la client\u00e8le et les partenaires de coop\u00e9ration au centre de notre travail de recherche en tant qu'\u00eatres humains. La satisfaction de notre client\u00e8le et de nos partenaires de coop\u00e9ration est notre plus haute exigence.<\/p>\n<p style=\"text-align: justify;\"><strong>Nous<\/strong> Nous nous sommes fix\u00e9 pour objectif d'identifier et de mettre en \u0153uvre, par le biais de nos travaux de recherche, des solutions possibles aux questions d'entreprise et de soci\u00e9t\u00e9.<\/p>\n<p style=\"text-align: justify;\"><strong>Nous<\/strong> Nous aspirons \u00e0 une collaboration durable et partenariale avec notre client\u00e8le et nos partenaires de coop\u00e9ration. Des am\u00e9liorations constantes et une confiance mutuelle en sont la base.<\/p>\n<p style=\"text-align: justify;\"><strong>Nous<\/strong> notre client\u00e8le et nos partenaires de coop\u00e9ration restent \u00e0 disposition en tant qu'interlocuteurs comp\u00e9tents et fiables, m\u00eame apr\u00e8s la prestation de service.<\/p>\n<p style=\"text-align: justify;\"><strong>Nous<\/strong> Lors de l'ex\u00e9cution de nos travaux de recherche, nous attachons la plus grande importance \u00e0 la comp\u00e9tence professionnelle, \u00e0 l'exp\u00e9rience et \u00e0 la transmission pratique des connaissances.<\/p>\n<p style=\"text-align: justify;\"><strong>Nous<\/strong> analysent les erreurs et les r\u00e9clamations et les corrigent pour la satisfaction de notre client\u00e8le et de nos partenaires de coop\u00e9ration.<\/p>\n<p style=\"text-align: justify;\"><strong>Nous<\/strong> respectent strictement les prescriptions l\u00e9gales, en particulier les exigences en mati\u00e8re de s\u00e9curit\u00e9 au travail et de protection de l'environnement.<\/p>\n<p style=\"text-align: justify;\"><strong>Nous<\/strong> Nous nous acceptons mutuellement dans notre diversit\u00e9 et nous traitons les uns les autres avec attention et respect.<\/p>\n\n\t\t<\/div>\n\t<\/div>\n<\/div><\/div><\/div><\/div><div class=\"vc_row wpb_row vc_row-fluid\"><div class=\"wpb_column vc_column_container vc_col-sm-12\"><div class=\"vc_column-inner\"><div class=\"wpb_wrapper\"><div class=\"vc_btn3-container vc_btn3-inline\" ><a class=\"vc_general vc_btn3 vc_btn3-size-md vc_btn3-shape-rounded vc_btn3-style-modern vc_btn3-color-info\" href=\"https:\/\/zema.de\/fr\/certifications\/\" title=\"\" target=\"_blank\">Version anglaise<\/a><\/div><div class=\"ult-spacer spacer-69eb93bf0cbc2\" data-id=\"69eb93bf0cbc2\" data-height=\"30\" data-height-mobile=\"30\" data-height-tab=\"30\" data-height-tab-portrait=\"\" data-height-mobile-landscape=\"\" style=\"clear:both;display:block;\"><\/div><\/div><\/div><\/div><\/div>\n<\/div>","protected":false},"excerpt":{"rendered":"<p>Certifications Nos certifications ZeMA - Zentrum f\u00fcr Mechatronik und Automationstechnik gGmbH est actuellement certifi\u00e9e ISO 9001:2015. Notre syst\u00e8me de gestion actuel \u00e9volue vers un syst\u00e8me int\u00e9gr\u00e9 qui englobe les domaines de la qualit\u00e9, de la sant\u00e9 et de la s\u00e9curit\u00e9 au travail et de la protection de l'environnement. \u00a0 \u00a0 \u00a0 Certificat DIN EN ISO 9001:2015 Si vous avez des questions, des suggestions ou des commentaires sur notre...<\/p>","protected":false},"author":21,"featured_media":0,"parent":0,"menu_order":20,"comment_status":"closed","ping_status":"closed","template":"","meta":{"footnotes":""},"class_list":["post-18252","page","type-page","status-publish","hentry","description-off"],"yoast_head":"<!-- This site is optimized with the Yoast SEO plugin v27.4 - https:\/\/yoast.com\/product\/yoast-seo-wordpress\/ -->\n<title>Unsere Zertifizierungen - ZeMA gGmbH Saarbr\u00fccken<\/title>\n<meta name=\"description\" content=\"Unsere Zertifizierungen - ISO 9001 - wir bieten Ihnen L\u00f6sungen auf h\u00f6chstem Qualit\u00e4tsstandard.\" \/>\n<meta name=\"robots\" content=\"index, follow, max-snippet:-1, max-image-preview:large, max-video-preview:-1\" \/>\n<link rel=\"canonical\" href=\"https:\/\/zema.de\/fr\/zertifizierungen\/\" \/>\n<meta property=\"og:locale\" content=\"fr_FR\" \/>\n<meta property=\"og:type\" content=\"article\" \/>\n<meta property=\"og:title\" content=\"Unsere Zertifizierungen - ZeMA gGmbH Saarbr\u00fccken\" \/>\n<meta property=\"og:description\" content=\"Unsere Zertifizierungen - ISO 9001 - wir bieten Ihnen L\u00f6sungen auf h\u00f6chstem Qualit\u00e4tsstandard.\" \/>\n<meta property=\"og:url\" content=\"https:\/\/zema.de\/fr\/zertifizierungen\/\" \/>\n<meta property=\"og:site_name\" content=\"fl.zema.de\" \/>\n<meta property=\"article:modified_time\" content=\"2025-02-05T09:50:46+00:00\" \/>\n<meta property=\"og:image\" content=\"https:\/\/zema.de\/wp-content\/uploads\/2024\/06\/DIN-EN-ISO-9001_de_regular-RGB.jpg\" \/>\n\t<meta property=\"og:image:width\" content=\"1002\" \/>\n\t<meta property=\"og:image:height\" content=\"1002\" \/>\n\t<meta property=\"og:image:type\" content=\"image\/jpeg\" \/>\n<meta name=\"twitter:card\" content=\"summary_large_image\" \/>\n<meta name=\"twitter:label1\" content=\"Dur\u00e9e de lecture estim\u00e9e\" \/>\n\t<meta name=\"twitter:data1\" content=\"3 minutes\" \/>\n<script type=\"application\/ld+json\" class=\"yoast-schema-graph\">{\"@context\":\"https:\\\/\\\/schema.org\",\"@graph\":[{\"@type\":\"WebPage\",\"@id\":\"https:\\\/\\\/zema.de\\\/zertifizierungen\\\/\",\"url\":\"https:\\\/\\\/zema.de\\\/zertifizierungen\\\/\",\"name\":\"Unsere Zertifizierungen - ZeMA gGmbH Saarbr\u00fccken\",\"isPartOf\":{\"@id\":\"https:\\\/\\\/zema.de\\\/#website\"},\"primaryImageOfPage\":{\"@id\":\"https:\\\/\\\/zema.de\\\/zertifizierungen\\\/#primaryimage\"},\"image\":{\"@id\":\"https:\\\/\\\/zema.de\\\/zertifizierungen\\\/#primaryimage\"},\"thumbnailUrl\":\"https:\\\/\\\/zema.de\\\/wp-content\\\/uploads\\\/2024\\\/06\\\/DIN-EN-ISO-9001_de_regular-RGB.jpg\",\"datePublished\":\"2023-09-11T11:56:20+00:00\",\"dateModified\":\"2025-02-05T09:50:46+00:00\",\"description\":\"Unsere Zertifizierungen - ISO 9001 - wir bieten Ihnen L\u00f6sungen auf h\u00f6chstem Qualit\u00e4tsstandard.\",\"breadcrumb\":{\"@id\":\"https:\\\/\\\/zema.de\\\/zertifizierungen\\\/#breadcrumb\"},\"inLanguage\":\"fr-FR\",\"potentialAction\":[{\"@type\":\"ReadAction\",\"target\":[\"https:\\\/\\\/zema.de\\\/zertifizierungen\\\/\"]}]},{\"@type\":\"ImageObject\",\"inLanguage\":\"fr-FR\",\"@id\":\"https:\\\/\\\/zema.de\\\/zertifizierungen\\\/#primaryimage\",\"url\":\"https:\\\/\\\/zema.de\\\/wp-content\\\/uploads\\\/2024\\\/06\\\/DIN-EN-ISO-9001_de_regular-RGB.jpg\",\"contentUrl\":\"https:\\\/\\\/zema.de\\\/wp-content\\\/uploads\\\/2024\\\/06\\\/DIN-EN-ISO-9001_de_regular-RGB.jpg\"},{\"@type\":\"BreadcrumbList\",\"@id\":\"https:\\\/\\\/zema.de\\\/zertifizierungen\\\/#breadcrumb\",\"itemListElement\":[{\"@type\":\"ListItem\",\"position\":1,\"name\":\"Startseite\",\"item\":\"https:\\\/\\\/zema.de\\\/\"},{\"@type\":\"ListItem\",\"position\":2,\"name\":\"Zertifizierungen\"}]},{\"@type\":\"WebSite\",\"@id\":\"https:\\\/\\\/zema.de\\\/#website\",\"url\":\"https:\\\/\\\/zema.de\\\/\",\"name\":\"fl.zema.de\",\"description\":\"Zentrum f\u00fcr Mechatronik und Automatisierungstechnik\",\"potentialAction\":[{\"@type\":\"SearchAction\",\"target\":{\"@type\":\"EntryPoint\",\"urlTemplate\":\"https:\\\/\\\/zema.de\\\/?s={search_term_string}\"},\"query-input\":{\"@type\":\"PropertyValueSpecification\",\"valueRequired\":true,\"valueName\":\"search_term_string\"}}],\"inLanguage\":\"fr-FR\"}]}<\/script>\n<!-- \/ Yoast SEO plugin. -->","yoast_head_json":{"title":"Unsere Zertifizierungen - ZeMA gGmbH Saarbr\u00fccken","description":"Unsere Zertifizierungen - ISO 9001 - wir bieten Ihnen L\u00f6sungen auf h\u00f6chstem Qualit\u00e4tsstandard.","robots":{"index":"index","follow":"follow","max-snippet":"max-snippet:-1","max-image-preview":"max-image-preview:large","max-video-preview":"max-video-preview:-1"},"canonical":"https:\/\/zema.de\/fr\/zertifizierungen\/","og_locale":"fr_FR","og_type":"article","og_title":"Unsere Zertifizierungen - ZeMA gGmbH Saarbr\u00fccken","og_description":"Unsere Zertifizierungen - ISO 9001 - wir bieten Ihnen L\u00f6sungen auf h\u00f6chstem Qualit\u00e4tsstandard.","og_url":"https:\/\/zema.de\/fr\/zertifizierungen\/","og_site_name":"fl.zema.de","article_modified_time":"2025-02-05T09:50:46+00:00","og_image":[{"width":1002,"height":1002,"url":"https:\/\/zema.de\/wp-content\/uploads\/2024\/06\/DIN-EN-ISO-9001_de_regular-RGB.jpg","type":"image\/jpeg"}],"twitter_card":"summary_large_image","twitter_misc":{"Dur\u00e9e de lecture estim\u00e9e":"3 minutes"},"schema":{"@context":"https:\/\/schema.org","@graph":[{"@type":"WebPage","@id":"https:\/\/zema.de\/zertifizierungen\/","url":"https:\/\/zema.de\/zertifizierungen\/","name":"Unsere Zertifizierungen - ZeMA gGmbH Saarbr\u00fccken","isPartOf":{"@id":"https:\/\/zema.de\/#website"},"primaryImageOfPage":{"@id":"https:\/\/zema.de\/zertifizierungen\/#primaryimage"},"image":{"@id":"https:\/\/zema.de\/zertifizierungen\/#primaryimage"},"thumbnailUrl":"https:\/\/zema.de\/wp-content\/uploads\/2024\/06\/DIN-EN-ISO-9001_de_regular-RGB.jpg","datePublished":"2023-09-11T11:56:20+00:00","dateModified":"2025-02-05T09:50:46+00:00","description":"Unsere Zertifizierungen - ISO 9001 - wir bieten Ihnen L\u00f6sungen auf h\u00f6chstem Qualit\u00e4tsstandard.","breadcrumb":{"@id":"https:\/\/zema.de\/zertifizierungen\/#breadcrumb"},"inLanguage":"fr-FR","potentialAction":[{"@type":"ReadAction","target":["https:\/\/zema.de\/zertifizierungen\/"]}]},{"@type":"ImageObject","inLanguage":"fr-FR","@id":"https:\/\/zema.de\/zertifizierungen\/#primaryimage","url":"https:\/\/zema.de\/wp-content\/uploads\/2024\/06\/DIN-EN-ISO-9001_de_regular-RGB.jpg","contentUrl":"https:\/\/zema.de\/wp-content\/uploads\/2024\/06\/DIN-EN-ISO-9001_de_regular-RGB.jpg"},{"@type":"BreadcrumbList","@id":"https:\/\/zema.de\/zertifizierungen\/#breadcrumb","itemListElement":[{"@type":"ListItem","position":1,"name":"Startseite","item":"https:\/\/zema.de\/"},{"@type":"ListItem","position":2,"name":"Zertifizierungen"}]},{"@type":"WebSite","@id":"https:\/\/zema.de\/#website","url":"https:\/\/zema.de\/","name":"fl.zema.de","description":"Zentrum f\u00fcr Mechatronik und Automatisierungstechnik","potentialAction":[{"@type":"SearchAction","target":{"@type":"EntryPoint","urlTemplate":"https:\/\/zema.de\/?s={search_term_string}"},"query-input":{"@type":"PropertyValueSpecification","valueRequired":true,"valueName":"search_term_string"}}],"inLanguage":"fr-FR"}]}},"_links":{"self":[{"href":"https:\/\/zema.de\/fr\/wp-json\/wp\/v2\/pages\/18252","targetHints":{"allow":["GET"]}}],"collection":[{"href":"https:\/\/zema.de\/fr\/wp-json\/wp\/v2\/pages"}],"about":[{"href":"https:\/\/zema.de\/fr\/wp-json\/wp\/v2\/types\/page"}],"author":[{"embeddable":true,"href":"https:\/\/zema.de\/fr\/wp-json\/wp\/v2\/users\/21"}],"replies":[{"embeddable":true,"href":"https:\/\/zema.de\/fr\/wp-json\/wp\/v2\/comments?post=18252"}],"version-history":[{"count":28,"href":"https:\/\/zema.de\/fr\/wp-json\/wp\/v2\/pages\/18252\/revisions"}],"predecessor-version":[{"id":18843,"href":"https:\/\/zema.de\/fr\/wp-json\/wp\/v2\/pages\/18252\/revisions\/18843"}],"wp:attachment":[{"href":"https:\/\/zema.de\/fr\/wp-json\/wp\/v2\/media?parent=18252"}],"curies":[{"name":"wp","href":"https:\/\/api.w.org\/{rel}","templated":true}]}}