{"id":19157,"date":"2025-07-09T13:28:51","date_gmt":"2025-07-09T11:28:51","guid":{"rendered":"https:\/\/zema.de\/?page_id=19157"},"modified":"2025-07-09T13:28:51","modified_gmt":"2025-07-09T11:28:51","slug":"hinweis-zu-bild-ton-und-videoaufnahmen","status":"publish","type":"page","link":"https:\/\/zema.de\/fr\/hinweis-zu-bild-ton-und-videoaufnahmen\/","title":{"rendered":"Remarque sur l'enregistrement d'images, de sons et de vid\u00e9os"},"content":{"rendered":"<div class=\"wpb-content-wrapper\"><div class=\"vc_row wpb_row vc_row-fluid\"><div class=\"wpb_column vc_column_container vc_col-sm-12\"><div class=\"vc_column-inner\"><div class=\"wpb_wrapper\"><div id=\"ultimate-heading-699769e56c0e8e51c\" class=\"uvc-heading ult-adjust-bottom-margin ultimate-heading-699769e56c0e8e51c uvc-4057 accent-title-color\" data-hspacer=\"no_spacer\"  data-halign=\"left\" style=\"text-align:left\"><div class=\"uvc-heading-spacer no_spacer\" style=\"top\"><\/div><div class=\"uvc-main-heading ult-responsive\"  data-ultimate-target='.uvc-heading.ultimate-heading-699769e56c0e8e51c h2'  data-responsive-json-new='{\"font-size\":\"desktop:20px;mobile_landscape:22px;mobile:22px;\",\"line-height\":\"desktop:30px;mobile_landscape:32px;mobile:32px;\"}' ><h2 style=\"font-weight:700;color:#000000;\">Remarque sur l'enregistrement d'images, de sons et de vid\u00e9os<\/h2><\/div><\/div><div class=\"ult-spacer spacer-69e56c0e8e582\" data-id=\"69e56c0e8e582\" data-height=\"30\" data-height-mobile=\"30\" data-height-tab=\"30\" data-height-tab-portrait=\"\" data-height-mobile-landscape=\"\" style=\"clear:both;display:block;\"><\/div>\n\t<div class=\"wpb_text_column wpb_content_element\" >\n\t\t<div class=\"wpb_wrapper\">\n\t\t\t<h3><strong>Remarque sur l'enregistrement d'images, de sons et de vid\u00e9os<\/strong><\/h3>\n<h4><strong><u>Responsables du traitement et responsables de la protection des donn\u00e9es<\/u><\/strong><\/h4>\n<p>ZeMA \u2013 Zentrum f\u00fcr Mechatronik und Automationstechnik gGmbH (centre de m\u00e9catronique et d\u2019automatisation)<\/p>\n<p>Parc d'activit\u00e9s Eschberger Weg 46, b\u00e2timent 9<\/p>\n<p>66121 Sarrebruck<\/p>\n<p>T\u00e9l. : +49 (0) 681 85787-0<\/p>\n<p>Courriel: <a href=\"mailto:info@zema.de\">info@zema.de<\/a><\/p>\n<p>D\u00e9l\u00e9gu\u00e9 \u00e0 la protection des donn\u00e9es: <a href=\"mailto:datenschutz@zema.de\">datenschutz@zema.de<\/a><\/p>\n<h4><strong><u>Finalit\u00e9s et bases juridiques du traitement des donn\u00e9es<\/u><\/strong><\/h4>\n<p>Cet \u00e9v\u00e9nement permettra la cr\u00e9ation et la publication d\u2019images, de sons et de vid\u00e9os. Cela sert \u00e0 prot\u00e9ger nos int\u00e9r\u00eats l\u00e9gitimes, conform\u00e9ment \u00e0 l'art. 6, al. 1, let. f du RGPD, dans le rapport sur l'\u00e9v\u00e9nement et sa documentation. Pour les relations publiques, les enregistrements sont utilis\u00e9s \u00e0 des fins de publicit\u00e9 ou de marketing imprim\u00e9s, ainsi qu'en ligne sur des sites Web et sur les m\u00e9dias sociaux.<\/p>\n<h4><strong><u>Cat\u00e9gories de b\u00e9n\u00e9ficiaires<\/u><\/strong><\/h4>\n<p>Les destinataires sont les op\u00e9rateurs et les utilisateurs des services par l'interm\u00e9diaire desquels les enregistrements sont publi\u00e9s.<\/p>\n<h4><strong><u>Intention de transf\u00e9rer des donn\u00e9es vers des pays tiers<\/u><\/strong><\/h4>\n<p>Les enregistrements peuvent \u00eatre transf\u00e9r\u00e9s vers des pays tiers par l'utilisation des services. Dans ces cas, il existe des garanties appropri\u00e9es ou appropri\u00e9es conform\u00e9ment \u00e0 l'article 46 du RGPD.<\/p>\n<h4><strong><u>Dur\u00e9e de conservation des donn\u00e9es<\/u><\/strong><\/h4>\n<p>La conservation des donn\u00e9es se poursuit jusqu'\u00e0 ce que les objectifs susmentionn\u00e9s soient atteints et qu'aucune p\u00e9riode de conservation n'impose la conservation des donn\u00e9es.<\/p>\n<h4><strong><u>N\u00e9cessit\u00e9 de fournir des donn\u00e9es pour la conclusion d'un contrat<\/u><\/strong><\/h4>\n<p>La mise \u00e0 disposition des enregistrements n'est requise ni par la loi ni par contrat. En cas de non-fourniture, il n'y a pas de cr\u00e9ation et de publication d'images\/d'enregistrements audio\/vid\u00e9o.<\/p>\n<h4><strong><u>Droits des personnes concern\u00e9es<\/u><\/strong><\/h4>\n<p><strong>Droit d'opposition<\/strong>; le droit d'acc\u00e8s, de rectification, d'effacement ou de limitation du traitement; droit \u00e0 la portabilit\u00e9 des donn\u00e9es; Droit d'introduire une r\u00e9clamation aupr\u00e8s de l'autorit\u00e9 de contr\u00f4le comp\u00e9tente<\/p>\n\n\t\t<\/div>\n\t<\/div>\n<div class=\"ult-spacer spacer-69e56c0e8e7c0\" data-id=\"69e56c0e8e7c0\" data-height=\"50\" data-height-mobile=\"50\" data-height-tab=\"50\" data-height-tab-portrait=\"\" data-height-mobile-landscape=\"\" style=\"clear:both;display:block;\"><\/div><\/div><\/div><\/div><\/div>\n<\/div>","protected":false},"excerpt":{"rendered":"<p>Remarque sur les enregistrements d\u2019images\/d\u2019enregistrements sonores et vid\u00e9o Remarque sur les enregistrements d\u2019images\/d\u2019enregistrements sonores et vid\u00e9o Responsable et d\u00e9l\u00e9gu\u00e9 \u00e0 la protection des donn\u00e9es ZeMA \u2013 Zentrum f\u00fcr Mechatronik und Automationstechnik gGmbH Gewerbepark Eschberger Weg 46, b\u00e2timent 9 66121 Sarrebruck T\u00e9l.: +49 (0) 681 85787-0 Courriel: info@zema.de D\u00e9l\u00e9gu\u00e9 \u00e0 la protection des donn\u00e9es: datenschutz@zema.de Finalit\u00e9s et bases l\u00e9gales du traitement des donn\u00e9es Lors de cet \u00e9v\u00e9nement, des enregistrements d'images, de sons et de vid\u00e9os sont cr\u00e9\u00e9s et publi\u00e9s. Cela sert \u00e0...<\/p>","protected":false},"author":21,"featured_media":0,"parent":0,"menu_order":600,"comment_status":"closed","ping_status":"closed","template":"","meta":{"footnotes":""},"class_list":["post-19157","page","type-page","status-publish","hentry","description-off"],"yoast_head":"<!-- This site is optimized with the Yoast SEO plugin v27.4 - https:\/\/yoast.com\/product\/yoast-seo-wordpress\/ -->\n<title>Hinweis zu Bild-\/Ton-\/ und Videoaufnahmen Forschungszentrum - ZeMA gGmbH Saarbr\u00fccken<\/title>\n<meta name=\"description\" content=\"Die Datenschutz-Seite der Webseite des Forschungszentrum ZeMA gGmbH in Saarbr\u00fccken. Alle rechtlichen Fragen werden hier gekl\u00e4rt. \u25b6 Erfahren Sie mehr!\" \/>\n<meta name=\"robots\" content=\"noindex, nofollow\" \/>\n<meta property=\"og:locale\" content=\"fr_FR\" \/>\n<meta property=\"og:type\" content=\"article\" \/>\n<meta property=\"og:title\" content=\"Hinweis zu Bild-\/Ton-\/ und Videoaufnahmen Forschungszentrum - ZeMA gGmbH Saarbr\u00fccken\" \/>\n<meta property=\"og:description\" content=\"Die Datenschutz-Seite der Webseite des Forschungszentrum ZeMA gGmbH in Saarbr\u00fccken. Alle rechtlichen Fragen werden hier gekl\u00e4rt. \u25b6 Erfahren Sie mehr!\" \/>\n<meta property=\"og:url\" content=\"https:\/\/zema.de\/fr\/hinweis-zu-bild-ton-und-videoaufnahmen\/\" \/>\n<meta property=\"og:site_name\" content=\"fl.zema.de\" \/>\n<meta name=\"twitter:card\" content=\"summary_large_image\" \/>\n<meta name=\"twitter:label1\" content=\"Dur\u00e9e de lecture estim\u00e9e\" \/>\n\t<meta name=\"twitter:data1\" content=\"2 minutes\" \/>\n<script type=\"application\/ld+json\" class=\"yoast-schema-graph\">{\"@context\":\"https:\\\/\\\/schema.org\",\"@graph\":[{\"@type\":\"WebPage\",\"@id\":\"https:\\\/\\\/zema.de\\\/hinweis-zu-bild-ton-und-videoaufnahmen\\\/\",\"url\":\"https:\\\/\\\/zema.de\\\/hinweis-zu-bild-ton-und-videoaufnahmen\\\/\",\"name\":\"Hinweis zu Bild-\\\/Ton-\\\/ und Videoaufnahmen Forschungszentrum - ZeMA gGmbH Saarbr\u00fccken\",\"isPartOf\":{\"@id\":\"https:\\\/\\\/zema.de\\\/#website\"},\"datePublished\":\"2025-07-09T11:28:51+00:00\",\"description\":\"Die Datenschutz-Seite der Webseite des Forschungszentrum ZeMA gGmbH in Saarbr\u00fccken. Alle rechtlichen Fragen werden hier gekl\u00e4rt. \u25b6 Erfahren Sie mehr!\",\"breadcrumb\":{\"@id\":\"https:\\\/\\\/zema.de\\\/hinweis-zu-bild-ton-und-videoaufnahmen\\\/#breadcrumb\"},\"inLanguage\":\"fr-FR\",\"potentialAction\":[{\"@type\":\"ReadAction\",\"target\":[\"https:\\\/\\\/zema.de\\\/hinweis-zu-bild-ton-und-videoaufnahmen\\\/\"]}]},{\"@type\":\"BreadcrumbList\",\"@id\":\"https:\\\/\\\/zema.de\\\/hinweis-zu-bild-ton-und-videoaufnahmen\\\/#breadcrumb\",\"itemListElement\":[{\"@type\":\"ListItem\",\"position\":1,\"name\":\"Startseite\",\"item\":\"https:\\\/\\\/zema.de\\\/\"},{\"@type\":\"ListItem\",\"position\":2,\"name\":\"Hinweis zu Bild-\\\/Ton-\\\/ und Videoaufnahmen\"}]},{\"@type\":\"WebSite\",\"@id\":\"https:\\\/\\\/zema.de\\\/#website\",\"url\":\"https:\\\/\\\/zema.de\\\/\",\"name\":\"fl.zema.de\",\"description\":\"Zentrum f\u00fcr Mechatronik und Automatisierungstechnik\",\"potentialAction\":[{\"@type\":\"SearchAction\",\"target\":{\"@type\":\"EntryPoint\",\"urlTemplate\":\"https:\\\/\\\/zema.de\\\/?s={search_term_string}\"},\"query-input\":{\"@type\":\"PropertyValueSpecification\",\"valueRequired\":true,\"valueName\":\"search_term_string\"}}],\"inLanguage\":\"fr-FR\"}]}<\/script>\n<!-- \/ Yoast SEO plugin. -->","yoast_head_json":{"title":"Hinweis zu Bild-\/Ton-\/ und Videoaufnahmen Forschungszentrum - ZeMA gGmbH Saarbr\u00fccken","description":"Die Datenschutz-Seite der Webseite des Forschungszentrum ZeMA gGmbH in Saarbr\u00fccken. Alle rechtlichen Fragen werden hier gekl\u00e4rt. \u25b6 Erfahren Sie mehr!","robots":{"index":"noindex","follow":"nofollow"},"og_locale":"fr_FR","og_type":"article","og_title":"Hinweis zu Bild-\/Ton-\/ und Videoaufnahmen Forschungszentrum - ZeMA gGmbH Saarbr\u00fccken","og_description":"Die Datenschutz-Seite der Webseite des Forschungszentrum ZeMA gGmbH in Saarbr\u00fccken. Alle rechtlichen Fragen werden hier gekl\u00e4rt. \u25b6 Erfahren Sie mehr!","og_url":"https:\/\/zema.de\/fr\/hinweis-zu-bild-ton-und-videoaufnahmen\/","og_site_name":"fl.zema.de","twitter_card":"summary_large_image","twitter_misc":{"Dur\u00e9e de lecture estim\u00e9e":"2 minutes"},"schema":{"@context":"https:\/\/schema.org","@graph":[{"@type":"WebPage","@id":"https:\/\/zema.de\/hinweis-zu-bild-ton-und-videoaufnahmen\/","url":"https:\/\/zema.de\/hinweis-zu-bild-ton-und-videoaufnahmen\/","name":"Hinweis zu Bild-\/Ton-\/ und Videoaufnahmen Forschungszentrum - ZeMA gGmbH Saarbr\u00fccken","isPartOf":{"@id":"https:\/\/zema.de\/#website"},"datePublished":"2025-07-09T11:28:51+00:00","description":"Die Datenschutz-Seite der Webseite des Forschungszentrum ZeMA gGmbH in Saarbr\u00fccken. Alle rechtlichen Fragen werden hier gekl\u00e4rt. \u25b6 Erfahren Sie mehr!","breadcrumb":{"@id":"https:\/\/zema.de\/hinweis-zu-bild-ton-und-videoaufnahmen\/#breadcrumb"},"inLanguage":"fr-FR","potentialAction":[{"@type":"ReadAction","target":["https:\/\/zema.de\/hinweis-zu-bild-ton-und-videoaufnahmen\/"]}]},{"@type":"BreadcrumbList","@id":"https:\/\/zema.de\/hinweis-zu-bild-ton-und-videoaufnahmen\/#breadcrumb","itemListElement":[{"@type":"ListItem","position":1,"name":"Startseite","item":"https:\/\/zema.de\/"},{"@type":"ListItem","position":2,"name":"Hinweis zu Bild-\/Ton-\/ und Videoaufnahmen"}]},{"@type":"WebSite","@id":"https:\/\/zema.de\/#website","url":"https:\/\/zema.de\/","name":"fl.zema.de","description":"Zentrum f\u00fcr Mechatronik und Automatisierungstechnik","potentialAction":[{"@type":"SearchAction","target":{"@type":"EntryPoint","urlTemplate":"https:\/\/zema.de\/?s={search_term_string}"},"query-input":{"@type":"PropertyValueSpecification","valueRequired":true,"valueName":"search_term_string"}}],"inLanguage":"fr-FR"}]}},"_links":{"self":[{"href":"https:\/\/zema.de\/fr\/wp-json\/wp\/v2\/pages\/19157","targetHints":{"allow":["GET"]}}],"collection":[{"href":"https:\/\/zema.de\/fr\/wp-json\/wp\/v2\/pages"}],"about":[{"href":"https:\/\/zema.de\/fr\/wp-json\/wp\/v2\/types\/page"}],"author":[{"embeddable":true,"href":"https:\/\/zema.de\/fr\/wp-json\/wp\/v2\/users\/21"}],"replies":[{"embeddable":true,"href":"https:\/\/zema.de\/fr\/wp-json\/wp\/v2\/comments?post=19157"}],"version-history":[{"count":2,"href":"https:\/\/zema.de\/fr\/wp-json\/wp\/v2\/pages\/19157\/revisions"}],"predecessor-version":[{"id":19160,"href":"https:\/\/zema.de\/fr\/wp-json\/wp\/v2\/pages\/19157\/revisions\/19160"}],"wp:attachment":[{"href":"https:\/\/zema.de\/fr\/wp-json\/wp\/v2\/media?parent=19157"}],"curies":[{"name":"wp","href":"https:\/\/api.w.org\/{rel}","templated":true}]}}